{"id":21160,"date":"2022-11-17T15:15:34","date_gmt":"2022-11-17T14:15:34","guid":{"rendered":"https:\/\/motionfitness.se\/produkter\/kjevelas-50-mm-aluminium\/"},"modified":"2026-01-05T14:23:43","modified_gmt":"2026-01-05T13:23:43","slug":"kjevelas-50-mm-aluminium","status":"publish","type":"product","link":"https:\/\/motionfitness.se\/no\/produkter\/jawlock-50mm-aluminium\/","title":{"rendered":"Vektl\u00e5s Jawlock 50 mm aluminium"},"content":{"rendered":"<p>Jawlock i aluminium er en oppdatert versjon av Jawlock i plast. Dette vektstangl\u00e5set er mer holdbart og motstandsdyktig enn standardmodellen. Perfekt for f.eks. Functional Fitness-trening, n\u00e5r du slipper stangen og vil at l\u00e5sen skal holde seg p\u00e5 plass. Enkelt og lett \u00e5 klikke av og p\u00e5. Passer til 50 mm vektstenger.<\/p>\n","protected":false},"excerpt":{"rendered":"<p>Jawlock vektstangl\u00e5s i slitesterkt aluminium. Perfekt for Functional Fitness-trening, for eksempel n\u00e5r du slipper stangen og vil at l\u00e5sen skal holde vektskivene p\u00e5 plass.<\/p>\n","protected":false},"featured_media":20228,"comment_status":"open","ping_status":"closed","template":"","meta":{"_acf_changed":false,"_monsterinsights_skip_tracking":false,"_monsterinsights_sitenote_active":false,"_monsterinsights_sitenote_note":"","_monsterinsights_sitenote_category":0},"product_brand":[],"product_cat":[720,440,456],"product_tag":[467],"class_list":{"0":"post-21160","1":"product","2":"type-product","3":"status-publish","4":"has-post-thumbnail","6":"product_cat-lagersalg-no","7":"product_cat-motion-fitness-no","8":"product_cat-vektstanglas","9":"product_tag-avhending","11":"first","12":"instock","13":"taxable","14":"shipping-taxable","15":"purchasable","16":"product-type-simple"},"acf":[],"yoast_head":"<!-- This site is optimized with the Yoast SEO plugin v27.4 - https:\/\/yoast.com\/product\/yoast-seo-wordpress\/ -->\n<title>Vektl\u00e5s Jawlock 50 mm aluminium | Motion Fitness<\/title>\n<meta name=\"description\" content=\"Jawlock vektl\u00e5s i aluminium er en oppdatert versjon av Jawlock i plast. Denne vektstangl\u00e5sen er mer holdbar og motstandsdyktig enn plastmodellen.\" \/>\n<meta name=\"robots\" content=\"index, follow, max-snippet:-1, max-image-preview:large, max-video-preview:-1\" \/>\n<link rel=\"canonical\" href=\"https:\/\/motionfitness.se\/no\/produkter\/jawlock-50mm-aluminium\/\" \/>\n<meta property=\"og:locale\" content=\"nb_NO\" \/>\n<meta property=\"og:type\" content=\"article\" \/>\n<meta property=\"og:title\" content=\"Vektl\u00e5s Jawlock 50 mm aluminium | Motion Fitness\" \/>\n<meta property=\"og:description\" content=\"Jawlock vektl\u00e5s i aluminium er en oppdatert versjon av Jawlock i plast. Denne vektstangl\u00e5sen er mer holdbar og motstandsdyktig enn plastmodellen.\" \/>\n<meta property=\"og:url\" content=\"https:\/\/motionfitness.se\/no\/produkter\/jawlock-50mm-aluminium\/\" \/>\n<meta property=\"og:site_name\" content=\"Motion Fitness\" \/>\n<meta property=\"article:publisher\" content=\"https:\/\/www.facebook.com\/motionfitnesssverige\/\" \/>\n<meta property=\"article:modified_time\" content=\"2026-01-05T13:23:43+00:00\" \/>\n<meta property=\"og:image\" content=\"https:\/\/motionfitness.se\/wp-content\/uploads\/2023\/10\/MF-J11_Jawlock-metall_motionfitnessPRO_1.png\" \/>\n\t<meta property=\"og:image:width\" content=\"1000\" \/>\n\t<meta property=\"og:image:height\" content=\"1000\" \/>\n\t<meta property=\"og:image:type\" content=\"image\/png\" \/>\n<meta name=\"twitter:card\" content=\"summary_large_image\" \/>\n<script type=\"application\/ld+json\" class=\"yoast-schema-graph\">{\"@context\":\"https:\\\/\\\/schema.org\",\"@graph\":[{\"@type\":\"WebPage\",\"@id\":\"https:\\\/\\\/motionfitness.se\\\/no\\\/produkter\\\/jawlock-50mm-aluminium\\\/\",\"url\":\"https:\\\/\\\/motionfitness.se\\\/no\\\/produkter\\\/jawlock-50mm-aluminium\\\/\",\"name\":\"Vektl\u00e5s Jawlock 50 mm aluminium | Motion Fitness\",\"isPartOf\":{\"@id\":\"https:\\\/\\\/motionfitness.se\\\/no\\\/#website\"},\"primaryImageOfPage\":{\"@id\":\"https:\\\/\\\/motionfitness.se\\\/no\\\/produkter\\\/jawlock-50mm-aluminium\\\/#primaryimage\"},\"image\":{\"@id\":\"https:\\\/\\\/motionfitness.se\\\/no\\\/produkter\\\/jawlock-50mm-aluminium\\\/#primaryimage\"},\"thumbnailUrl\":\"https:\\\/\\\/motionfitness.se\\\/wp-content\\\/uploads\\\/2023\\\/10\\\/MF-J11_Jawlock-metall_motionfitnessPRO_1.png\",\"datePublished\":\"2022-11-17T14:15:34+00:00\",\"dateModified\":\"2026-01-05T13:23:43+00:00\",\"description\":\"Jawlock vektl\u00e5s i aluminium er en oppdatert versjon av Jawlock i plast. Denne vektstangl\u00e5sen er mer holdbar og motstandsdyktig enn plastmodellen.\",\"breadcrumb\":{\"@id\":\"https:\\\/\\\/motionfitness.se\\\/no\\\/produkter\\\/jawlock-50mm-aluminium\\\/#breadcrumb\"},\"inLanguage\":\"nb-NO\",\"potentialAction\":[{\"@type\":\"ReadAction\",\"target\":[\"https:\\\/\\\/motionfitness.se\\\/no\\\/produkter\\\/jawlock-50mm-aluminium\\\/\"]}]},{\"@type\":\"ImageObject\",\"inLanguage\":\"nb-NO\",\"@id\":\"https:\\\/\\\/motionfitness.se\\\/no\\\/produkter\\\/jawlock-50mm-aluminium\\\/#primaryimage\",\"url\":\"https:\\\/\\\/motionfitness.se\\\/wp-content\\\/uploads\\\/2023\\\/10\\\/MF-J11_Jawlock-metall_motionfitnessPRO_1.png\",\"contentUrl\":\"https:\\\/\\\/motionfitness.se\\\/wp-content\\\/uploads\\\/2023\\\/10\\\/MF-J11_Jawlock-metall_motionfitnessPRO_1.png\",\"width\":1000,\"height\":1000},{\"@type\":\"BreadcrumbList\",\"@id\":\"https:\\\/\\\/motionfitness.se\\\/no\\\/produkter\\\/jawlock-50mm-aluminium\\\/#breadcrumb\",\"itemListElement\":[{\"@type\":\"ListItem\",\"position\":1,\"name\":\"Hem\",\"item\":\"https:\\\/\\\/motionfitness.se\\\/no\\\/startside\\\/\"},{\"@type\":\"ListItem\",\"position\":2,\"name\":\"Produkter\",\"item\":\"https:\\\/\\\/motionfitness.se\\\/no\\\/produkter\\\/\"},{\"@type\":\"ListItem\",\"position\":3,\"name\":\"Vektl\u00e5s Jawlock 50 mm aluminium\"}]},{\"@type\":\"WebSite\",\"@id\":\"https:\\\/\\\/motionfitness.se\\\/no\\\/#website\",\"url\":\"https:\\\/\\\/motionfitness.se\\\/no\\\/\",\"name\":\"Motion Fitness\",\"description\":\"Stronger Together\",\"publisher\":{\"@id\":\"https:\\\/\\\/motionfitness.se\\\/no\\\/#organization\"},\"potentialAction\":[{\"@type\":\"SearchAction\",\"target\":{\"@type\":\"EntryPoint\",\"urlTemplate\":\"https:\\\/\\\/motionfitness.se\\\/no\\\/?s={search_term_string}\"},\"query-input\":{\"@type\":\"PropertyValueSpecification\",\"valueRequired\":true,\"valueName\":\"search_term_string\"}}],\"inLanguage\":\"nb-NO\"},{\"@type\":\"Organization\",\"@id\":\"https:\\\/\\\/motionfitness.se\\\/no\\\/#organization\",\"name\":\"Motion Fitness\",\"url\":\"https:\\\/\\\/motionfitness.se\\\/no\\\/\",\"logo\":{\"@type\":\"ImageObject\",\"inLanguage\":\"nb-NO\",\"@id\":\"https:\\\/\\\/motionfitness.se\\\/no\\\/#\\\/schema\\\/logo\\\/image\\\/\",\"url\":\"https:\\\/\\\/motionfitness.se\\\/wp-content\\\/uploads\\\/2024\\\/01\\\/Motion-Fitness-Logol.png\",\"contentUrl\":\"https:\\\/\\\/motionfitness.se\\\/wp-content\\\/uploads\\\/2024\\\/01\\\/Motion-Fitness-Logol.png\",\"width\":1280,\"height\":720,\"caption\":\"Motion Fitness\"},\"image\":{\"@id\":\"https:\\\/\\\/motionfitness.se\\\/no\\\/#\\\/schema\\\/logo\\\/image\\\/\"},\"sameAs\":[\"https:\\\/\\\/www.facebook.com\\\/motionfitnesssverige\\\/\",\"https:\\\/\\\/www.instagram.com\\\/motionfitness.se\\\/\"]}]}<\/script>\n<!-- \/ Yoast SEO plugin. -->","yoast_head_json":{"title":"Vektl\u00e5s Jawlock 50 mm aluminium | Motion Fitness","description":"Jawlock vektl\u00e5s i aluminium er en oppdatert versjon av Jawlock i plast. Denne vektstangl\u00e5sen er mer holdbar og motstandsdyktig enn plastmodellen.","robots":{"index":"index","follow":"follow","max-snippet":"max-snippet:-1","max-image-preview":"max-image-preview:large","max-video-preview":"max-video-preview:-1"},"canonical":"https:\/\/motionfitness.se\/no\/produkter\/jawlock-50mm-aluminium\/","og_locale":"nb_NO","og_type":"article","og_title":"Vektl\u00e5s Jawlock 50 mm aluminium | Motion Fitness","og_description":"Jawlock vektl\u00e5s i aluminium er en oppdatert versjon av Jawlock i plast. Denne vektstangl\u00e5sen er mer holdbar og motstandsdyktig enn plastmodellen.","og_url":"https:\/\/motionfitness.se\/no\/produkter\/jawlock-50mm-aluminium\/","og_site_name":"Motion Fitness","article_publisher":"https:\/\/www.facebook.com\/motionfitnesssverige\/","article_modified_time":"2026-01-05T13:23:43+00:00","og_image":[{"width":1000,"height":1000,"url":"https:\/\/motionfitness.se\/wp-content\/uploads\/2023\/10\/MF-J11_Jawlock-metall_motionfitnessPRO_1.png","type":"image\/png"}],"twitter_card":"summary_large_image","schema":{"@context":"https:\/\/schema.org","@graph":[{"@type":"WebPage","@id":"https:\/\/motionfitness.se\/no\/produkter\/jawlock-50mm-aluminium\/","url":"https:\/\/motionfitness.se\/no\/produkter\/jawlock-50mm-aluminium\/","name":"Vektl\u00e5s Jawlock 50 mm aluminium | Motion Fitness","isPartOf":{"@id":"https:\/\/motionfitness.se\/no\/#website"},"primaryImageOfPage":{"@id":"https:\/\/motionfitness.se\/no\/produkter\/jawlock-50mm-aluminium\/#primaryimage"},"image":{"@id":"https:\/\/motionfitness.se\/no\/produkter\/jawlock-50mm-aluminium\/#primaryimage"},"thumbnailUrl":"https:\/\/motionfitness.se\/wp-content\/uploads\/2023\/10\/MF-J11_Jawlock-metall_motionfitnessPRO_1.png","datePublished":"2022-11-17T14:15:34+00:00","dateModified":"2026-01-05T13:23:43+00:00","description":"Jawlock vektl\u00e5s i aluminium er en oppdatert versjon av Jawlock i plast. Denne vektstangl\u00e5sen er mer holdbar og motstandsdyktig enn plastmodellen.","breadcrumb":{"@id":"https:\/\/motionfitness.se\/no\/produkter\/jawlock-50mm-aluminium\/#breadcrumb"},"inLanguage":"nb-NO","potentialAction":[{"@type":"ReadAction","target":["https:\/\/motionfitness.se\/no\/produkter\/jawlock-50mm-aluminium\/"]}]},{"@type":"ImageObject","inLanguage":"nb-NO","@id":"https:\/\/motionfitness.se\/no\/produkter\/jawlock-50mm-aluminium\/#primaryimage","url":"https:\/\/motionfitness.se\/wp-content\/uploads\/2023\/10\/MF-J11_Jawlock-metall_motionfitnessPRO_1.png","contentUrl":"https:\/\/motionfitness.se\/wp-content\/uploads\/2023\/10\/MF-J11_Jawlock-metall_motionfitnessPRO_1.png","width":1000,"height":1000},{"@type":"BreadcrumbList","@id":"https:\/\/motionfitness.se\/no\/produkter\/jawlock-50mm-aluminium\/#breadcrumb","itemListElement":[{"@type":"ListItem","position":1,"name":"Hem","item":"https:\/\/motionfitness.se\/no\/startside\/"},{"@type":"ListItem","position":2,"name":"Produkter","item":"https:\/\/motionfitness.se\/no\/produkter\/"},{"@type":"ListItem","position":3,"name":"Vektl\u00e5s Jawlock 50 mm aluminium"}]},{"@type":"WebSite","@id":"https:\/\/motionfitness.se\/no\/#website","url":"https:\/\/motionfitness.se\/no\/","name":"Motion Fitness","description":"Stronger Together","publisher":{"@id":"https:\/\/motionfitness.se\/no\/#organization"},"potentialAction":[{"@type":"SearchAction","target":{"@type":"EntryPoint","urlTemplate":"https:\/\/motionfitness.se\/no\/?s={search_term_string}"},"query-input":{"@type":"PropertyValueSpecification","valueRequired":true,"valueName":"search_term_string"}}],"inLanguage":"nb-NO"},{"@type":"Organization","@id":"https:\/\/motionfitness.se\/no\/#organization","name":"Motion Fitness","url":"https:\/\/motionfitness.se\/no\/","logo":{"@type":"ImageObject","inLanguage":"nb-NO","@id":"https:\/\/motionfitness.se\/no\/#\/schema\/logo\/image\/","url":"https:\/\/motionfitness.se\/wp-content\/uploads\/2024\/01\/Motion-Fitness-Logol.png","contentUrl":"https:\/\/motionfitness.se\/wp-content\/uploads\/2024\/01\/Motion-Fitness-Logol.png","width":1280,"height":720,"caption":"Motion Fitness"},"image":{"@id":"https:\/\/motionfitness.se\/no\/#\/schema\/logo\/image\/"},"sameAs":["https:\/\/www.facebook.com\/motionfitnesssverige\/","https:\/\/www.instagram.com\/motionfitness.se\/"]}]}},"_links":{"self":[{"href":"https:\/\/motionfitness.se\/no\/wp-json\/wp\/v2\/product\/21160","targetHints":{"allow":["GET"]}}],"collection":[{"href":"https:\/\/motionfitness.se\/no\/wp-json\/wp\/v2\/product"}],"about":[{"href":"https:\/\/motionfitness.se\/no\/wp-json\/wp\/v2\/types\/product"}],"replies":[{"embeddable":true,"href":"https:\/\/motionfitness.se\/no\/wp-json\/wp\/v2\/comments?post=21160"}],"wp:featuredmedia":[{"embeddable":true,"href":"https:\/\/motionfitness.se\/no\/wp-json\/wp\/v2\/media\/20228"}],"wp:attachment":[{"href":"https:\/\/motionfitness.se\/no\/wp-json\/wp\/v2\/media?parent=21160"}],"wp:term":[{"taxonomy":"product_brand","embeddable":true,"href":"https:\/\/motionfitness.se\/no\/wp-json\/wp\/v2\/product_brand?post=21160"},{"taxonomy":"product_cat","embeddable":true,"href":"https:\/\/motionfitness.se\/no\/wp-json\/wp\/v2\/product_cat?post=21160"},{"taxonomy":"product_tag","embeddable":true,"href":"https:\/\/motionfitness.se\/no\/wp-json\/wp\/v2\/product_tag?post=21160"}],"curies":[{"name":"wp","href":"https:\/\/api.w.org\/{rel}","templated":true}]}}