{"id":21147,"date":"2023-02-06T16:00:21","date_gmt":"2023-02-06T15:00:21","guid":{"rendered":"https:\/\/motionfitness.se\/produkter\/oppreist-sykkel-550-e2\/"},"modified":"2026-04-27T10:18:34","modified_gmt":"2026-04-27T08:18:34","slug":"upright-bike-550-e2","status":"publish","type":"product","link":"https:\/\/motionfitness.se\/no\/produkter\/upright-bike-550-entertainment\/","title":{"rendered":"St\u00e5ende sykkel 550 e2+"},"content":{"rendered":"<p>Intenza Upright Bike 550 gir mulighet for ulike posisjoner, for eksempel \u00e5 sykle st\u00e5ende eller i racerposisjon, slik at flere muskelgrupper kan trenes n\u00e5r syklisten endrer posisjon. I tillegg kan brukere med tilstander som spinal stenose eller slitasjegikt finne den fremoverlente posisjonen p\u00e5 den oppreiste sykkelen mer komfortabel sammenlignet med en liggende sykkel. Upright Bike er designet for \u00e5 gj\u00f8re det enkelt \u00e5 komme seg av og p\u00e5 sykkelen. Sykkelen har trinnl\u00f8s sadeljustering og 40 motstandsniv\u00e5er &#8211; det h\u00f8yeste antallet i bransjen.   <\/p>\n<p><strong>En super-premium opplevelse som er vakkert realisert<\/strong><\/p>\n<p>Gj\u00f8r treningen til en personlig opplevelse med tilgang til underholdning mens du trener. Intenza 550 e2+-konsollen gj\u00f8r trenings\u00f8ktene dine til en flerdimensjonal opplevelse. Med musikk, filmer, nettforbindelse, TV og mye mer lett tilgjengelig. Intenza 550 e2+ gir ogs\u00e5 mulighet til \u00e5 speile IOS- eller Android-smartenheten din for \u00e5 se Netflix eller andre str\u00f8mmetjenester. Oversiktlighet og brukervennlighet g\u00e5r h\u00e5nd i h\u00e5nd med Intenza 550 e2+ takket v\u00e6re det brukervennlige og intuitive grensesnittet. Mulighet for \u00e5 koble maskinen til Egym-programvaren.<\/p>\n<p>\u00c5 maksimere medlemmenes tilfredshet, p\u00e5litelighet og sikkerhet er viktig for oss, og derfor finner du i 550 e2+-konsollen en programvare i verdensklasse, InCare\u2122, v\u00e5r proaktive vedlikeholdsl\u00f8sning som samler inn og sender sanntidsdata til InCare\u2122 Support Team n\u00e5r det oppst\u00e5r feil p\u00e5 maskinen. Med servicesentre i Europa, Asia og Nord-Amerika er teamet tilgjengelig 24 timer i d\u00f8gnet, noe som gir ekstremt raske responstider som reduserer maskinens nedetid. Treningssentre over hele verden nyter godt av verdien av InCare\u2122-innovasjonen. Den f\u00f8rsteklasses kvaliteten p\u00e5 Intenza-produktene og kontrollen over nedetid skaper en f\u00f8rsteklasses f\u00f8lelse og h\u00f8y verdi for medlemmene og deres treningsopplevelse.<\/p>\n","protected":false},"excerpt":{"rendered":"<p>Intenza Upright bike 550 byr p\u00e5 design, kvalitet og funksjon i \u00e9n og samme sykkel. Med e2+-konsollen f\u00e5r du funksjoner som gir brukeren mange valgmuligheter og gir anlegget ditt et f\u00f8rsteklasses preg.<\/p>\n","protected":false},"featured_media":19952,"comment_status":"open","ping_status":"closed","template":"","meta":{"_acf_changed":false,"_monsterinsights_skip_tracking":false,"_monsterinsights_sitenote_active":false,"_monsterinsights_sitenote_note":"","_monsterinsights_sitenote_category":0},"product_brand":[],"product_cat":[499,528,501,476],"product_tag":[534],"class_list":{"0":"post-21147","1":"product","2":"type-product","3":"status-publish","4":"has-post-thumbnail","6":"product_cat-intenza-no","7":"product_cat-produktnyheter-no","8":"product_cat-serie-550-e2-no","9":"product_cat-sykler","10":"product_tag-intenza-550-e2-no","12":"first","13":"instock","14":"taxable","15":"shipping-taxable","16":"purchasable","17":"product-type-simple"},"acf":[],"yoast_head":"<!-- This site is optimized with the Yoast SEO plugin v27.5 - https:\/\/yoast.com\/product\/yoast-seo-wordpress\/ -->\n<title>St\u00e5ende sykkel 550 e2+ | Motion Fitness<\/title>\n<meta name=\"description\" content=\"Kraftig och komplett sykkel for deg som vil ta treningen til nye h\u00f8yder. For gym eller hjemmebruk. Lei eller kj\u00f8p treningsutstyr fra Motion Fitness.\" \/>\n<meta name=\"robots\" content=\"index, follow, max-snippet:-1, max-image-preview:large, max-video-preview:-1\" \/>\n<link rel=\"canonical\" href=\"https:\/\/motionfitness.se\/no\/produkter\/upright-bike-550-entertainment\/\" \/>\n<meta property=\"og:locale\" content=\"nb_NO\" \/>\n<meta property=\"og:type\" content=\"article\" \/>\n<meta property=\"og:title\" content=\"St\u00e5ende sykkel 550 e2+ | Motion Fitness\" \/>\n<meta property=\"og:description\" content=\"Kraftig och komplett sykkel for deg som vil ta treningen til nye h\u00f8yder. For gym eller hjemmebruk. Lei eller kj\u00f8p treningsutstyr fra Motion Fitness.\" \/>\n<meta property=\"og:url\" content=\"https:\/\/motionfitness.se\/no\/produkter\/upright-bike-550-entertainment\/\" \/>\n<meta property=\"og:site_name\" content=\"Motion Fitness\" \/>\n<meta property=\"article:publisher\" content=\"https:\/\/www.facebook.com\/motionfitnesssverige\/\" \/>\n<meta property=\"article:modified_time\" content=\"2026-04-27T08:18:34+00:00\" \/>\n<meta property=\"og:image\" content=\"https:\/\/motionfitness.se\/wp-content\/uploads\/2023\/02\/UBe2_Back-20_Intenza.webp\" \/>\n\t<meta property=\"og:image:width\" content=\"1000\" \/>\n\t<meta property=\"og:image:height\" content=\"1000\" \/>\n\t<meta property=\"og:image:type\" content=\"image\/webp\" \/>\n<meta name=\"twitter:card\" content=\"summary_large_image\" \/>\n<meta name=\"twitter:label1\" content=\"Ansl. lesetid\" \/>\n\t<meta name=\"twitter:data1\" content=\"2 minutter\" \/>\n<script type=\"application\/ld+json\" class=\"yoast-schema-graph\">{\"@context\":\"https:\\\/\\\/schema.org\",\"@graph\":[{\"@type\":\"WebPage\",\"@id\":\"https:\\\/\\\/motionfitness.se\\\/no\\\/produkter\\\/upright-bike-550-entertainment\\\/\",\"url\":\"https:\\\/\\\/motionfitness.se\\\/no\\\/produkter\\\/upright-bike-550-entertainment\\\/\",\"name\":\"St\u00e5ende sykkel 550 e2+ | Motion Fitness\",\"isPartOf\":{\"@id\":\"https:\\\/\\\/motionfitness.se\\\/no\\\/#website\"},\"primaryImageOfPage\":{\"@id\":\"https:\\\/\\\/motionfitness.se\\\/no\\\/produkter\\\/upright-bike-550-entertainment\\\/#primaryimage\"},\"image\":{\"@id\":\"https:\\\/\\\/motionfitness.se\\\/no\\\/produkter\\\/upright-bike-550-entertainment\\\/#primaryimage\"},\"thumbnailUrl\":\"https:\\\/\\\/motionfitness.se\\\/wp-content\\\/uploads\\\/2023\\\/02\\\/UBe2_Back-20_Intenza.webp\",\"datePublished\":\"2023-02-06T15:00:21+00:00\",\"dateModified\":\"2026-04-27T08:18:34+00:00\",\"description\":\"Kraftig och komplett sykkel for deg som vil ta treningen til nye h\u00f8yder. For gym eller hjemmebruk. Lei eller kj\u00f8p treningsutstyr fra Motion Fitness.\",\"breadcrumb\":{\"@id\":\"https:\\\/\\\/motionfitness.se\\\/no\\\/produkter\\\/upright-bike-550-entertainment\\\/#breadcrumb\"},\"inLanguage\":\"nb-NO\",\"potentialAction\":[{\"@type\":\"ReadAction\",\"target\":[\"https:\\\/\\\/motionfitness.se\\\/no\\\/produkter\\\/upright-bike-550-entertainment\\\/\"]}]},{\"@type\":\"ImageObject\",\"inLanguage\":\"nb-NO\",\"@id\":\"https:\\\/\\\/motionfitness.se\\\/no\\\/produkter\\\/upright-bike-550-entertainment\\\/#primaryimage\",\"url\":\"https:\\\/\\\/motionfitness.se\\\/wp-content\\\/uploads\\\/2023\\\/02\\\/UBe2_Back-20_Intenza.webp\",\"contentUrl\":\"https:\\\/\\\/motionfitness.se\\\/wp-content\\\/uploads\\\/2023\\\/02\\\/UBe2_Back-20_Intenza.webp\",\"width\":1000,\"height\":1000},{\"@type\":\"BreadcrumbList\",\"@id\":\"https:\\\/\\\/motionfitness.se\\\/no\\\/produkter\\\/upright-bike-550-entertainment\\\/#breadcrumb\",\"itemListElement\":[{\"@type\":\"ListItem\",\"position\":1,\"name\":\"Hem\",\"item\":\"https:\\\/\\\/motionfitness.se\\\/no\\\/startside\\\/\"},{\"@type\":\"ListItem\",\"position\":2,\"name\":\"Produkter\",\"item\":\"https:\\\/\\\/motionfitness.se\\\/no\\\/produkter\\\/\"},{\"@type\":\"ListItem\",\"position\":3,\"name\":\"St\u00e5ende sykkel 550 e2+\"}]},{\"@type\":\"WebSite\",\"@id\":\"https:\\\/\\\/motionfitness.se\\\/no\\\/#website\",\"url\":\"https:\\\/\\\/motionfitness.se\\\/no\\\/\",\"name\":\"Motion Fitness\",\"description\":\"Stronger Together\",\"publisher\":{\"@id\":\"https:\\\/\\\/motionfitness.se\\\/no\\\/#organization\"},\"potentialAction\":[{\"@type\":\"SearchAction\",\"target\":{\"@type\":\"EntryPoint\",\"urlTemplate\":\"https:\\\/\\\/motionfitness.se\\\/no\\\/?s={search_term_string}\"},\"query-input\":{\"@type\":\"PropertyValueSpecification\",\"valueRequired\":true,\"valueName\":\"search_term_string\"}}],\"inLanguage\":\"nb-NO\"},{\"@type\":\"Organization\",\"@id\":\"https:\\\/\\\/motionfitness.se\\\/no\\\/#organization\",\"name\":\"Motion Fitness\",\"url\":\"https:\\\/\\\/motionfitness.se\\\/no\\\/\",\"logo\":{\"@type\":\"ImageObject\",\"inLanguage\":\"nb-NO\",\"@id\":\"https:\\\/\\\/motionfitness.se\\\/no\\\/#\\\/schema\\\/logo\\\/image\\\/\",\"url\":\"https:\\\/\\\/motionfitness.se\\\/wp-content\\\/uploads\\\/2024\\\/01\\\/Motion-Fitness-Logol.png\",\"contentUrl\":\"https:\\\/\\\/motionfitness.se\\\/wp-content\\\/uploads\\\/2024\\\/01\\\/Motion-Fitness-Logol.png\",\"width\":1280,\"height\":720,\"caption\":\"Motion Fitness\"},\"image\":{\"@id\":\"https:\\\/\\\/motionfitness.se\\\/no\\\/#\\\/schema\\\/logo\\\/image\\\/\"},\"sameAs\":[\"https:\\\/\\\/www.facebook.com\\\/motionfitnesssverige\\\/\",\"https:\\\/\\\/www.instagram.com\\\/motionfitness.se\\\/\"]}]}<\/script>\n<!-- \/ Yoast SEO plugin. -->","yoast_head_json":{"title":"St\u00e5ende sykkel 550 e2+ | Motion Fitness","description":"Kraftig och komplett sykkel for deg som vil ta treningen til nye h\u00f8yder. For gym eller hjemmebruk. Lei eller kj\u00f8p treningsutstyr fra Motion Fitness.","robots":{"index":"index","follow":"follow","max-snippet":"max-snippet:-1","max-image-preview":"max-image-preview:large","max-video-preview":"max-video-preview:-1"},"canonical":"https:\/\/motionfitness.se\/no\/produkter\/upright-bike-550-entertainment\/","og_locale":"nb_NO","og_type":"article","og_title":"St\u00e5ende sykkel 550 e2+ | Motion Fitness","og_description":"Kraftig och komplett sykkel for deg som vil ta treningen til nye h\u00f8yder. For gym eller hjemmebruk. Lei eller kj\u00f8p treningsutstyr fra Motion Fitness.","og_url":"https:\/\/motionfitness.se\/no\/produkter\/upright-bike-550-entertainment\/","og_site_name":"Motion Fitness","article_publisher":"https:\/\/www.facebook.com\/motionfitnesssverige\/","article_modified_time":"2026-04-27T08:18:34+00:00","og_image":[{"width":1000,"height":1000,"url":"https:\/\/motionfitness.se\/wp-content\/uploads\/2023\/02\/UBe2_Back-20_Intenza.webp","type":"image\/webp"}],"twitter_card":"summary_large_image","twitter_misc":{"Ansl. lesetid":"2 minutter"},"schema":{"@context":"https:\/\/schema.org","@graph":[{"@type":"WebPage","@id":"https:\/\/motionfitness.se\/no\/produkter\/upright-bike-550-entertainment\/","url":"https:\/\/motionfitness.se\/no\/produkter\/upright-bike-550-entertainment\/","name":"St\u00e5ende sykkel 550 e2+ | Motion Fitness","isPartOf":{"@id":"https:\/\/motionfitness.se\/no\/#website"},"primaryImageOfPage":{"@id":"https:\/\/motionfitness.se\/no\/produkter\/upright-bike-550-entertainment\/#primaryimage"},"image":{"@id":"https:\/\/motionfitness.se\/no\/produkter\/upright-bike-550-entertainment\/#primaryimage"},"thumbnailUrl":"https:\/\/motionfitness.se\/wp-content\/uploads\/2023\/02\/UBe2_Back-20_Intenza.webp","datePublished":"2023-02-06T15:00:21+00:00","dateModified":"2026-04-27T08:18:34+00:00","description":"Kraftig och komplett sykkel for deg som vil ta treningen til nye h\u00f8yder. For gym eller hjemmebruk. Lei eller kj\u00f8p treningsutstyr fra Motion Fitness.","breadcrumb":{"@id":"https:\/\/motionfitness.se\/no\/produkter\/upright-bike-550-entertainment\/#breadcrumb"},"inLanguage":"nb-NO","potentialAction":[{"@type":"ReadAction","target":["https:\/\/motionfitness.se\/no\/produkter\/upright-bike-550-entertainment\/"]}]},{"@type":"ImageObject","inLanguage":"nb-NO","@id":"https:\/\/motionfitness.se\/no\/produkter\/upright-bike-550-entertainment\/#primaryimage","url":"https:\/\/motionfitness.se\/wp-content\/uploads\/2023\/02\/UBe2_Back-20_Intenza.webp","contentUrl":"https:\/\/motionfitness.se\/wp-content\/uploads\/2023\/02\/UBe2_Back-20_Intenza.webp","width":1000,"height":1000},{"@type":"BreadcrumbList","@id":"https:\/\/motionfitness.se\/no\/produkter\/upright-bike-550-entertainment\/#breadcrumb","itemListElement":[{"@type":"ListItem","position":1,"name":"Hem","item":"https:\/\/motionfitness.se\/no\/startside\/"},{"@type":"ListItem","position":2,"name":"Produkter","item":"https:\/\/motionfitness.se\/no\/produkter\/"},{"@type":"ListItem","position":3,"name":"St\u00e5ende sykkel 550 e2+"}]},{"@type":"WebSite","@id":"https:\/\/motionfitness.se\/no\/#website","url":"https:\/\/motionfitness.se\/no\/","name":"Motion Fitness","description":"Stronger Together","publisher":{"@id":"https:\/\/motionfitness.se\/no\/#organization"},"potentialAction":[{"@type":"SearchAction","target":{"@type":"EntryPoint","urlTemplate":"https:\/\/motionfitness.se\/no\/?s={search_term_string}"},"query-input":{"@type":"PropertyValueSpecification","valueRequired":true,"valueName":"search_term_string"}}],"inLanguage":"nb-NO"},{"@type":"Organization","@id":"https:\/\/motionfitness.se\/no\/#organization","name":"Motion Fitness","url":"https:\/\/motionfitness.se\/no\/","logo":{"@type":"ImageObject","inLanguage":"nb-NO","@id":"https:\/\/motionfitness.se\/no\/#\/schema\/logo\/image\/","url":"https:\/\/motionfitness.se\/wp-content\/uploads\/2024\/01\/Motion-Fitness-Logol.png","contentUrl":"https:\/\/motionfitness.se\/wp-content\/uploads\/2024\/01\/Motion-Fitness-Logol.png","width":1280,"height":720,"caption":"Motion Fitness"},"image":{"@id":"https:\/\/motionfitness.se\/no\/#\/schema\/logo\/image\/"},"sameAs":["https:\/\/www.facebook.com\/motionfitnesssverige\/","https:\/\/www.instagram.com\/motionfitness.se\/"]}]}},"_links":{"self":[{"href":"https:\/\/motionfitness.se\/no\/wp-json\/wp\/v2\/product\/21147","targetHints":{"allow":["GET"]}}],"collection":[{"href":"https:\/\/motionfitness.se\/no\/wp-json\/wp\/v2\/product"}],"about":[{"href":"https:\/\/motionfitness.se\/no\/wp-json\/wp\/v2\/types\/product"}],"replies":[{"embeddable":true,"href":"https:\/\/motionfitness.se\/no\/wp-json\/wp\/v2\/comments?post=21147"}],"wp:featuredmedia":[{"embeddable":true,"href":"https:\/\/motionfitness.se\/no\/wp-json\/wp\/v2\/media\/19952"}],"wp:attachment":[{"href":"https:\/\/motionfitness.se\/no\/wp-json\/wp\/v2\/media?parent=21147"}],"wp:term":[{"taxonomy":"product_brand","embeddable":true,"href":"https:\/\/motionfitness.se\/no\/wp-json\/wp\/v2\/product_brand?post=21147"},{"taxonomy":"product_cat","embeddable":true,"href":"https:\/\/motionfitness.se\/no\/wp-json\/wp\/v2\/product_cat?post=21147"},{"taxonomy":"product_tag","embeddable":true,"href":"https:\/\/motionfitness.se\/no\/wp-json\/wp\/v2\/product_tag?post=21147"}],"curies":[{"name":"wp","href":"https:\/\/api.w.org\/{rel}","templated":true}]}}