{"id":21121,"date":"2023-02-10T14:00:13","date_gmt":"2023-02-10T13:00:13","guid":{"rendered":"https:\/\/motionfitness.se\/produkter\/oppreist-sykkel-450-i2s\/"},"modified":"2026-04-27T10:18:27","modified_gmt":"2026-04-27T08:18:27","slug":"upright-bike-450-i2s","status":"publish","type":"product","link":"https:\/\/motionfitness.se\/no\/produkter\/upright-bike-450-i2s\/","title":{"rendered":"Upright Bike 450 i2s"},"content":{"rendered":"<p>Intenza 450 Upright Bike treningssykkel garanterer h\u00f8y ytelse, kvalitet og funksjonalitet. 450-serien er utviklet for personer som trenger en mer inspirerende, motiverende og engasjerende m\u00e5te \u00e5 trene p\u00e5.<\/p>\n<p><strong>450i2s-konsoll<\/strong><\/p>\n<p>Dynamisk og kompromissl\u00f8s ytelse.<\/p>\n<p>Den vakkert proporsjonerte Intenza 450 i2S-konsollen er synonymt med funksjon og verdi, og er designet for m\u00e5lrettet og tydelig trening. Intenzas presise Uni-Dial\u2122 har et enkelt, intuitivt brukergrensesnitt med hvit LED-belysning og tre knapper, og setter brukeren i sentrum for \u00e5 gi full tilgang til funksjoner til enhver tid og en enest\u00e5ende brukeropplevelse under trening.<\/p>\n","protected":false},"excerpt":{"rendered":"<p>Intenza 450 Upright Bike ergometersykkel garanterer deg h\u00f8y ytelse, f\u00f8rsteklasses kvalitet og funksjonalitet. Den stilige designen taler for seg selv! <\/p>\n","protected":false},"featured_media":19955,"comment_status":"open","ping_status":"closed","template":"","meta":{"_acf_changed":false,"_monsterinsights_skip_tracking":false,"_monsterinsights_sitenote_active":false,"_monsterinsights_sitenote_note":"","_monsterinsights_sitenote_category":0},"product_brand":[],"product_cat":[499,527,476],"product_tag":[529],"class_list":{"0":"post-21121","1":"product","2":"type-product","3":"status-publish","4":"has-post-thumbnail","6":"product_cat-intenza-no","7":"product_cat-serie-450-i2s-no","8":"product_cat-sykler","9":"product_tag-intenza-450-i2s-no","11":"first","12":"outofstock","13":"taxable","14":"shipping-taxable","15":"purchasable","16":"product-type-simple"},"acf":[],"yoast_head":"<!-- This site is optimized with the Yoast SEO plugin v27.5 - https:\/\/yoast.com\/product\/yoast-seo-wordpress\/ -->\n<title>Upright Bike 450 i2s | Motion Fitness<\/title>\n<meta name=\"description\" content=\"Intenza 450 Upright Bike ergometersykkel garanterer h\u00f8y ytelse, kvalitet og funksjonalitet. Sykkelen er designet for inspirerende og motiverende trening.\" \/>\n<meta name=\"robots\" content=\"index, follow, max-snippet:-1, max-image-preview:large, max-video-preview:-1\" \/>\n<link rel=\"canonical\" href=\"https:\/\/motionfitness.se\/no\/produkter\/upright-bike-450-i2s\/\" \/>\n<meta property=\"og:locale\" content=\"nb_NO\" \/>\n<meta property=\"og:type\" content=\"article\" \/>\n<meta property=\"og:title\" content=\"Upright Bike 450 i2s | Motion Fitness\" \/>\n<meta property=\"og:description\" content=\"Intenza 450 Upright Bike ergometersykkel garanterer h\u00f8y ytelse, kvalitet og funksjonalitet. Sykkelen er designet for inspirerende og motiverende trening.\" \/>\n<meta property=\"og:url\" content=\"https:\/\/motionfitness.se\/no\/produkter\/upright-bike-450-i2s\/\" \/>\n<meta property=\"og:site_name\" content=\"Motion Fitness\" \/>\n<meta property=\"article:publisher\" content=\"https:\/\/www.facebook.com\/motionfitnesssverige\/\" \/>\n<meta property=\"article:modified_time\" content=\"2026-04-27T08:18:27+00:00\" \/>\n<meta property=\"og:image\" content=\"https:\/\/motionfitness.se\/wp-content\/uploads\/2023\/02\/UBe2_Front-45_Intenza.webp\" \/>\n\t<meta property=\"og:image:width\" content=\"1000\" \/>\n\t<meta property=\"og:image:height\" content=\"1000\" \/>\n\t<meta property=\"og:image:type\" content=\"image\/webp\" \/>\n<meta name=\"twitter:card\" content=\"summary_large_image\" \/>\n<meta name=\"twitter:label1\" content=\"Ansl. lesetid\" \/>\n\t<meta name=\"twitter:data1\" content=\"1 minutt\" \/>\n<script type=\"application\/ld+json\" class=\"yoast-schema-graph\">{\"@context\":\"https:\\\/\\\/schema.org\",\"@graph\":[{\"@type\":\"WebPage\",\"@id\":\"https:\\\/\\\/motionfitness.se\\\/no\\\/produkter\\\/upright-bike-450-i2s\\\/\",\"url\":\"https:\\\/\\\/motionfitness.se\\\/no\\\/produkter\\\/upright-bike-450-i2s\\\/\",\"name\":\"Upright Bike 450 i2s | Motion Fitness\",\"isPartOf\":{\"@id\":\"https:\\\/\\\/motionfitness.se\\\/no\\\/#website\"},\"primaryImageOfPage\":{\"@id\":\"https:\\\/\\\/motionfitness.se\\\/no\\\/produkter\\\/upright-bike-450-i2s\\\/#primaryimage\"},\"image\":{\"@id\":\"https:\\\/\\\/motionfitness.se\\\/no\\\/produkter\\\/upright-bike-450-i2s\\\/#primaryimage\"},\"thumbnailUrl\":\"https:\\\/\\\/motionfitness.se\\\/wp-content\\\/uploads\\\/2023\\\/02\\\/UBe2_Front-45_Intenza.webp\",\"datePublished\":\"2023-02-10T13:00:13+00:00\",\"dateModified\":\"2026-04-27T08:18:27+00:00\",\"description\":\"Intenza 450 Upright Bike ergometersykkel garanterer h\u00f8y ytelse, kvalitet og funksjonalitet. Sykkelen er designet for inspirerende og motiverende trening.\",\"breadcrumb\":{\"@id\":\"https:\\\/\\\/motionfitness.se\\\/no\\\/produkter\\\/upright-bike-450-i2s\\\/#breadcrumb\"},\"inLanguage\":\"nb-NO\",\"potentialAction\":[{\"@type\":\"ReadAction\",\"target\":[\"https:\\\/\\\/motionfitness.se\\\/no\\\/produkter\\\/upright-bike-450-i2s\\\/\"]}]},{\"@type\":\"ImageObject\",\"inLanguage\":\"nb-NO\",\"@id\":\"https:\\\/\\\/motionfitness.se\\\/no\\\/produkter\\\/upright-bike-450-i2s\\\/#primaryimage\",\"url\":\"https:\\\/\\\/motionfitness.se\\\/wp-content\\\/uploads\\\/2023\\\/02\\\/UBe2_Front-45_Intenza.webp\",\"contentUrl\":\"https:\\\/\\\/motionfitness.se\\\/wp-content\\\/uploads\\\/2023\\\/02\\\/UBe2_Front-45_Intenza.webp\",\"width\":1000,\"height\":1000},{\"@type\":\"BreadcrumbList\",\"@id\":\"https:\\\/\\\/motionfitness.se\\\/no\\\/produkter\\\/upright-bike-450-i2s\\\/#breadcrumb\",\"itemListElement\":[{\"@type\":\"ListItem\",\"position\":1,\"name\":\"Hem\",\"item\":\"https:\\\/\\\/motionfitness.se\\\/no\\\/startside\\\/\"},{\"@type\":\"ListItem\",\"position\":2,\"name\":\"Produkter\",\"item\":\"https:\\\/\\\/motionfitness.se\\\/no\\\/produkter\\\/\"},{\"@type\":\"ListItem\",\"position\":3,\"name\":\"Upright Bike 450 i2s\"}]},{\"@type\":\"WebSite\",\"@id\":\"https:\\\/\\\/motionfitness.se\\\/no\\\/#website\",\"url\":\"https:\\\/\\\/motionfitness.se\\\/no\\\/\",\"name\":\"Motion Fitness\",\"description\":\"Stronger Together\",\"publisher\":{\"@id\":\"https:\\\/\\\/motionfitness.se\\\/no\\\/#organization\"},\"potentialAction\":[{\"@type\":\"SearchAction\",\"target\":{\"@type\":\"EntryPoint\",\"urlTemplate\":\"https:\\\/\\\/motionfitness.se\\\/no\\\/?s={search_term_string}\"},\"query-input\":{\"@type\":\"PropertyValueSpecification\",\"valueRequired\":true,\"valueName\":\"search_term_string\"}}],\"inLanguage\":\"nb-NO\"},{\"@type\":\"Organization\",\"@id\":\"https:\\\/\\\/motionfitness.se\\\/no\\\/#organization\",\"name\":\"Motion Fitness\",\"url\":\"https:\\\/\\\/motionfitness.se\\\/no\\\/\",\"logo\":{\"@type\":\"ImageObject\",\"inLanguage\":\"nb-NO\",\"@id\":\"https:\\\/\\\/motionfitness.se\\\/no\\\/#\\\/schema\\\/logo\\\/image\\\/\",\"url\":\"https:\\\/\\\/motionfitness.se\\\/wp-content\\\/uploads\\\/2024\\\/01\\\/Motion-Fitness-Logol.png\",\"contentUrl\":\"https:\\\/\\\/motionfitness.se\\\/wp-content\\\/uploads\\\/2024\\\/01\\\/Motion-Fitness-Logol.png\",\"width\":1280,\"height\":720,\"caption\":\"Motion Fitness\"},\"image\":{\"@id\":\"https:\\\/\\\/motionfitness.se\\\/no\\\/#\\\/schema\\\/logo\\\/image\\\/\"},\"sameAs\":[\"https:\\\/\\\/www.facebook.com\\\/motionfitnesssverige\\\/\",\"https:\\\/\\\/www.instagram.com\\\/motionfitness.se\\\/\"]}]}<\/script>\n<!-- \/ Yoast SEO plugin. -->","yoast_head_json":{"title":"Upright Bike 450 i2s | Motion Fitness","description":"Intenza 450 Upright Bike ergometersykkel garanterer h\u00f8y ytelse, kvalitet og funksjonalitet. Sykkelen er designet for inspirerende og motiverende trening.","robots":{"index":"index","follow":"follow","max-snippet":"max-snippet:-1","max-image-preview":"max-image-preview:large","max-video-preview":"max-video-preview:-1"},"canonical":"https:\/\/motionfitness.se\/no\/produkter\/upright-bike-450-i2s\/","og_locale":"nb_NO","og_type":"article","og_title":"Upright Bike 450 i2s | Motion Fitness","og_description":"Intenza 450 Upright Bike ergometersykkel garanterer h\u00f8y ytelse, kvalitet og funksjonalitet. Sykkelen er designet for inspirerende og motiverende trening.","og_url":"https:\/\/motionfitness.se\/no\/produkter\/upright-bike-450-i2s\/","og_site_name":"Motion Fitness","article_publisher":"https:\/\/www.facebook.com\/motionfitnesssverige\/","article_modified_time":"2026-04-27T08:18:27+00:00","og_image":[{"width":1000,"height":1000,"url":"https:\/\/motionfitness.se\/wp-content\/uploads\/2023\/02\/UBe2_Front-45_Intenza.webp","type":"image\/webp"}],"twitter_card":"summary_large_image","twitter_misc":{"Ansl. lesetid":"1 minutt"},"schema":{"@context":"https:\/\/schema.org","@graph":[{"@type":"WebPage","@id":"https:\/\/motionfitness.se\/no\/produkter\/upright-bike-450-i2s\/","url":"https:\/\/motionfitness.se\/no\/produkter\/upright-bike-450-i2s\/","name":"Upright Bike 450 i2s | Motion Fitness","isPartOf":{"@id":"https:\/\/motionfitness.se\/no\/#website"},"primaryImageOfPage":{"@id":"https:\/\/motionfitness.se\/no\/produkter\/upright-bike-450-i2s\/#primaryimage"},"image":{"@id":"https:\/\/motionfitness.se\/no\/produkter\/upright-bike-450-i2s\/#primaryimage"},"thumbnailUrl":"https:\/\/motionfitness.se\/wp-content\/uploads\/2023\/02\/UBe2_Front-45_Intenza.webp","datePublished":"2023-02-10T13:00:13+00:00","dateModified":"2026-04-27T08:18:27+00:00","description":"Intenza 450 Upright Bike ergometersykkel garanterer h\u00f8y ytelse, kvalitet og funksjonalitet. Sykkelen er designet for inspirerende og motiverende trening.","breadcrumb":{"@id":"https:\/\/motionfitness.se\/no\/produkter\/upright-bike-450-i2s\/#breadcrumb"},"inLanguage":"nb-NO","potentialAction":[{"@type":"ReadAction","target":["https:\/\/motionfitness.se\/no\/produkter\/upright-bike-450-i2s\/"]}]},{"@type":"ImageObject","inLanguage":"nb-NO","@id":"https:\/\/motionfitness.se\/no\/produkter\/upright-bike-450-i2s\/#primaryimage","url":"https:\/\/motionfitness.se\/wp-content\/uploads\/2023\/02\/UBe2_Front-45_Intenza.webp","contentUrl":"https:\/\/motionfitness.se\/wp-content\/uploads\/2023\/02\/UBe2_Front-45_Intenza.webp","width":1000,"height":1000},{"@type":"BreadcrumbList","@id":"https:\/\/motionfitness.se\/no\/produkter\/upright-bike-450-i2s\/#breadcrumb","itemListElement":[{"@type":"ListItem","position":1,"name":"Hem","item":"https:\/\/motionfitness.se\/no\/startside\/"},{"@type":"ListItem","position":2,"name":"Produkter","item":"https:\/\/motionfitness.se\/no\/produkter\/"},{"@type":"ListItem","position":3,"name":"Upright Bike 450 i2s"}]},{"@type":"WebSite","@id":"https:\/\/motionfitness.se\/no\/#website","url":"https:\/\/motionfitness.se\/no\/","name":"Motion Fitness","description":"Stronger Together","publisher":{"@id":"https:\/\/motionfitness.se\/no\/#organization"},"potentialAction":[{"@type":"SearchAction","target":{"@type":"EntryPoint","urlTemplate":"https:\/\/motionfitness.se\/no\/?s={search_term_string}"},"query-input":{"@type":"PropertyValueSpecification","valueRequired":true,"valueName":"search_term_string"}}],"inLanguage":"nb-NO"},{"@type":"Organization","@id":"https:\/\/motionfitness.se\/no\/#organization","name":"Motion Fitness","url":"https:\/\/motionfitness.se\/no\/","logo":{"@type":"ImageObject","inLanguage":"nb-NO","@id":"https:\/\/motionfitness.se\/no\/#\/schema\/logo\/image\/","url":"https:\/\/motionfitness.se\/wp-content\/uploads\/2024\/01\/Motion-Fitness-Logol.png","contentUrl":"https:\/\/motionfitness.se\/wp-content\/uploads\/2024\/01\/Motion-Fitness-Logol.png","width":1280,"height":720,"caption":"Motion Fitness"},"image":{"@id":"https:\/\/motionfitness.se\/no\/#\/schema\/logo\/image\/"},"sameAs":["https:\/\/www.facebook.com\/motionfitnesssverige\/","https:\/\/www.instagram.com\/motionfitness.se\/"]}]}},"_links":{"self":[{"href":"https:\/\/motionfitness.se\/no\/wp-json\/wp\/v2\/product\/21121","targetHints":{"allow":["GET"]}}],"collection":[{"href":"https:\/\/motionfitness.se\/no\/wp-json\/wp\/v2\/product"}],"about":[{"href":"https:\/\/motionfitness.se\/no\/wp-json\/wp\/v2\/types\/product"}],"replies":[{"embeddable":true,"href":"https:\/\/motionfitness.se\/no\/wp-json\/wp\/v2\/comments?post=21121"}],"wp:featuredmedia":[{"embeddable":true,"href":"https:\/\/motionfitness.se\/no\/wp-json\/wp\/v2\/media\/19955"}],"wp:attachment":[{"href":"https:\/\/motionfitness.se\/no\/wp-json\/wp\/v2\/media?parent=21121"}],"wp:term":[{"taxonomy":"product_brand","embeddable":true,"href":"https:\/\/motionfitness.se\/no\/wp-json\/wp\/v2\/product_brand?post=21121"},{"taxonomy":"product_cat","embeddable":true,"href":"https:\/\/motionfitness.se\/no\/wp-json\/wp\/v2\/product_cat?post=21121"},{"taxonomy":"product_tag","embeddable":true,"href":"https:\/\/motionfitness.se\/no\/wp-json\/wp\/v2\/product_tag?post=21121"}],"curies":[{"name":"wp","href":"https:\/\/api.w.org\/{rel}","templated":true}]}}