{"id":21083,"date":"2023-06-07T16:50:54","date_gmt":"2023-06-07T14:50:54","guid":{"rendered":"https:\/\/motionfitness.se\/produkter\/stotfangerplate-svart-5-20-kg\/"},"modified":"2024-09-16T09:20:25","modified_gmt":"2024-09-16T07:20:25","slug":"stotfangerplate-svart-5-20-kg","status":"publish","type":"product","link":"https:\/\/motionfitness.se\/no\/produkter\/stotfangerplate-svart-5-20-kg\/","title":{"rendered":"Bumper Plates svart | 5-20 kg"},"content":{"rendered":"<p>Svarte bumper plates til bruk p\u00e5 crossfit-boxen eller p\u00e5 treningsstudioet. Vektskivene er laget av gummi, med en jernring i midten der vektstangen plasseres. Hvis du vil sikre holdbarheten til vektskivene dine anbefaler vi at du legger et gummigulv eller en l\u00f8fteplattform for \u00e5 forhindre at skivene skades n\u00e5r de faller ned fra h\u00f8yden.<\/p>\n<p>UTG\u00c5ENDE MODELL!<\/p>\n","protected":false},"excerpt":{"rendered":"<p><strong>SALG!<\/strong><\/p>\n<p>Svarte Bumper plates til bruk i crossfit-boxen eller p\u00e5 treningsstudioet.<\/p>\n<p>Flere vekter, f\u00f8rst til m\u00f8lla!<\/p>\n<p>Utg\u00e5ende modell.<\/p>\n","protected":false},"featured_media":20011,"comment_status":"closed","ping_status":"closed","template":"","meta":{"_acf_changed":false,"_monsterinsights_skip_tracking":false,"_monsterinsights_sitenote_active":false,"_monsterinsights_sitenote_note":"","_monsterinsights_sitenote_category":0},"product_brand":[],"product_cat":[],"product_tag":[],"class_list":{"0":"post-21083","1":"product","2":"type-product","3":"status-publish","4":"has-post-thumbnail","7":"first","8":"instock","9":"taxable","10":"shipping-taxable","11":"purchasable","12":"product-type-variable"},"acf":[],"yoast_head":"<!-- This site is optimized with the Yoast SEO plugin v27.4 - https:\/\/yoast.com\/product\/yoast-seo-wordpress\/ -->\n<title>Bumper Plates svart | 5-20 kg | Motion Fitness<\/title>\n<meta name=\"description\" content=\"Svarte Bumper plates til bruk p\u00e5 crossfit-boxen eller p\u00e5 treningsstudioet. Kj\u00f8p eller lei vektskiver online fra Motion &amp; Fitness!\" \/>\n<meta name=\"robots\" content=\"index, follow, max-snippet:-1, max-image-preview:large, max-video-preview:-1\" \/>\n<link rel=\"canonical\" href=\"https:\/\/motionfitness.se\/no\/produkter\/stotfangerplate-svart-5-20-kg\/\" \/>\n<meta property=\"og:locale\" content=\"nb_NO\" \/>\n<meta property=\"og:type\" content=\"article\" \/>\n<meta property=\"og:title\" content=\"Bumper Plates svart | 5-20 kg | Motion Fitness\" \/>\n<meta property=\"og:description\" content=\"Svarte Bumper plates til bruk p\u00e5 crossfit-boxen eller p\u00e5 treningsstudioet. Kj\u00f8p eller lei vektskiver online fra Motion &amp; Fitness!\" \/>\n<meta property=\"og:url\" content=\"https:\/\/motionfitness.se\/no\/produkter\/stotfangerplate-svart-5-20-kg\/\" \/>\n<meta property=\"og:site_name\" content=\"Motion Fitness\" \/>\n<meta property=\"article:publisher\" content=\"https:\/\/www.facebook.com\/motionfitnesssverige\/\" \/>\n<meta property=\"article:modified_time\" content=\"2024-09-16T07:20:25+00:00\" \/>\n<meta property=\"og:image\" content=\"https:\/\/motionfitness.se\/wp-content\/uploads\/2023\/06\/20230607_153551_1200x1200.jpg\" \/>\n\t<meta property=\"og:image:width\" content=\"1200\" \/>\n\t<meta property=\"og:image:height\" content=\"1200\" \/>\n\t<meta property=\"og:image:type\" content=\"image\/jpeg\" \/>\n<meta name=\"twitter:card\" content=\"summary_large_image\" \/>\n<meta name=\"twitter:label1\" content=\"Ansl. lesetid\" \/>\n\t<meta name=\"twitter:data1\" content=\"1 minutt\" \/>\n<script type=\"application\/ld+json\" class=\"yoast-schema-graph\">{\"@context\":\"https:\\\/\\\/schema.org\",\"@graph\":[{\"@type\":\"WebPage\",\"@id\":\"https:\\\/\\\/motionfitness.se\\\/no\\\/produkter\\\/stotfangerplate-svart-5-20-kg\\\/\",\"url\":\"https:\\\/\\\/motionfitness.se\\\/no\\\/produkter\\\/stotfangerplate-svart-5-20-kg\\\/\",\"name\":\"Bumper Plates svart | 5-20 kg | Motion Fitness\",\"isPartOf\":{\"@id\":\"https:\\\/\\\/motionfitness.se\\\/no\\\/#website\"},\"primaryImageOfPage\":{\"@id\":\"https:\\\/\\\/motionfitness.se\\\/no\\\/produkter\\\/stotfangerplate-svart-5-20-kg\\\/#primaryimage\"},\"image\":{\"@id\":\"https:\\\/\\\/motionfitness.se\\\/no\\\/produkter\\\/stotfangerplate-svart-5-20-kg\\\/#primaryimage\"},\"thumbnailUrl\":\"https:\\\/\\\/motionfitness.se\\\/wp-content\\\/uploads\\\/2023\\\/06\\\/20230607_153551_1200x1200.jpg\",\"datePublished\":\"2023-06-07T14:50:54+00:00\",\"dateModified\":\"2024-09-16T07:20:25+00:00\",\"description\":\"Svarte Bumper plates til bruk p\u00e5 crossfit-boxen eller p\u00e5 treningsstudioet. Kj\u00f8p eller lei vektskiver online fra Motion & Fitness!\",\"breadcrumb\":{\"@id\":\"https:\\\/\\\/motionfitness.se\\\/no\\\/produkter\\\/stotfangerplate-svart-5-20-kg\\\/#breadcrumb\"},\"inLanguage\":\"nb-NO\",\"potentialAction\":[{\"@type\":\"ReadAction\",\"target\":[\"https:\\\/\\\/motionfitness.se\\\/no\\\/produkter\\\/stotfangerplate-svart-5-20-kg\\\/\"]}]},{\"@type\":\"ImageObject\",\"inLanguage\":\"nb-NO\",\"@id\":\"https:\\\/\\\/motionfitness.se\\\/no\\\/produkter\\\/stotfangerplate-svart-5-20-kg\\\/#primaryimage\",\"url\":\"https:\\\/\\\/motionfitness.se\\\/wp-content\\\/uploads\\\/2023\\\/06\\\/20230607_153551_1200x1200.jpg\",\"contentUrl\":\"https:\\\/\\\/motionfitness.se\\\/wp-content\\\/uploads\\\/2023\\\/06\\\/20230607_153551_1200x1200.jpg\",\"width\":1200,\"height\":1200,\"caption\":\"Bumper plate vektskive 5-20 kg til vektstenger\"},{\"@type\":\"BreadcrumbList\",\"@id\":\"https:\\\/\\\/motionfitness.se\\\/no\\\/produkter\\\/stotfangerplate-svart-5-20-kg\\\/#breadcrumb\",\"itemListElement\":[{\"@type\":\"ListItem\",\"position\":1,\"name\":\"Hem\",\"item\":\"https:\\\/\\\/motionfitness.se\\\/no\\\/startside\\\/\"},{\"@type\":\"ListItem\",\"position\":2,\"name\":\"Produkter\",\"item\":\"https:\\\/\\\/motionfitness.se\\\/no\\\/produkter\\\/\"},{\"@type\":\"ListItem\",\"position\":3,\"name\":\"Bumper Plates svart | 5-20 kg\"}]},{\"@type\":\"WebSite\",\"@id\":\"https:\\\/\\\/motionfitness.se\\\/no\\\/#website\",\"url\":\"https:\\\/\\\/motionfitness.se\\\/no\\\/\",\"name\":\"Motion Fitness\",\"description\":\"Stronger Together\",\"publisher\":{\"@id\":\"https:\\\/\\\/motionfitness.se\\\/no\\\/#organization\"},\"potentialAction\":[{\"@type\":\"SearchAction\",\"target\":{\"@type\":\"EntryPoint\",\"urlTemplate\":\"https:\\\/\\\/motionfitness.se\\\/no\\\/?s={search_term_string}\"},\"query-input\":{\"@type\":\"PropertyValueSpecification\",\"valueRequired\":true,\"valueName\":\"search_term_string\"}}],\"inLanguage\":\"nb-NO\"},{\"@type\":\"Organization\",\"@id\":\"https:\\\/\\\/motionfitness.se\\\/no\\\/#organization\",\"name\":\"Motion Fitness\",\"url\":\"https:\\\/\\\/motionfitness.se\\\/no\\\/\",\"logo\":{\"@type\":\"ImageObject\",\"inLanguage\":\"nb-NO\",\"@id\":\"https:\\\/\\\/motionfitness.se\\\/no\\\/#\\\/schema\\\/logo\\\/image\\\/\",\"url\":\"https:\\\/\\\/motionfitness.se\\\/wp-content\\\/uploads\\\/2024\\\/01\\\/Motion-Fitness-Logol.png\",\"contentUrl\":\"https:\\\/\\\/motionfitness.se\\\/wp-content\\\/uploads\\\/2024\\\/01\\\/Motion-Fitness-Logol.png\",\"width\":1280,\"height\":720,\"caption\":\"Motion Fitness\"},\"image\":{\"@id\":\"https:\\\/\\\/motionfitness.se\\\/no\\\/#\\\/schema\\\/logo\\\/image\\\/\"},\"sameAs\":[\"https:\\\/\\\/www.facebook.com\\\/motionfitnesssverige\\\/\",\"https:\\\/\\\/www.instagram.com\\\/motionfitness.se\\\/\"]}]}<\/script>\n<!-- \/ Yoast SEO plugin. -->","yoast_head_json":{"title":"Bumper Plates svart | 5-20 kg | Motion Fitness","description":"Svarte Bumper plates til bruk p\u00e5 crossfit-boxen eller p\u00e5 treningsstudioet. Kj\u00f8p eller lei vektskiver online fra Motion & Fitness!","robots":{"index":"index","follow":"follow","max-snippet":"max-snippet:-1","max-image-preview":"max-image-preview:large","max-video-preview":"max-video-preview:-1"},"canonical":"https:\/\/motionfitness.se\/no\/produkter\/stotfangerplate-svart-5-20-kg\/","og_locale":"nb_NO","og_type":"article","og_title":"Bumper Plates svart | 5-20 kg | Motion Fitness","og_description":"Svarte Bumper plates til bruk p\u00e5 crossfit-boxen eller p\u00e5 treningsstudioet. Kj\u00f8p eller lei vektskiver online fra Motion & Fitness!","og_url":"https:\/\/motionfitness.se\/no\/produkter\/stotfangerplate-svart-5-20-kg\/","og_site_name":"Motion Fitness","article_publisher":"https:\/\/www.facebook.com\/motionfitnesssverige\/","article_modified_time":"2024-09-16T07:20:25+00:00","og_image":[{"width":1200,"height":1200,"url":"https:\/\/motionfitness.se\/wp-content\/uploads\/2023\/06\/20230607_153551_1200x1200.jpg","type":"image\/jpeg"}],"twitter_card":"summary_large_image","twitter_misc":{"Ansl. lesetid":"1 minutt"},"schema":{"@context":"https:\/\/schema.org","@graph":[{"@type":"WebPage","@id":"https:\/\/motionfitness.se\/no\/produkter\/stotfangerplate-svart-5-20-kg\/","url":"https:\/\/motionfitness.se\/no\/produkter\/stotfangerplate-svart-5-20-kg\/","name":"Bumper Plates svart | 5-20 kg | Motion Fitness","isPartOf":{"@id":"https:\/\/motionfitness.se\/no\/#website"},"primaryImageOfPage":{"@id":"https:\/\/motionfitness.se\/no\/produkter\/stotfangerplate-svart-5-20-kg\/#primaryimage"},"image":{"@id":"https:\/\/motionfitness.se\/no\/produkter\/stotfangerplate-svart-5-20-kg\/#primaryimage"},"thumbnailUrl":"https:\/\/motionfitness.se\/wp-content\/uploads\/2023\/06\/20230607_153551_1200x1200.jpg","datePublished":"2023-06-07T14:50:54+00:00","dateModified":"2024-09-16T07:20:25+00:00","description":"Svarte Bumper plates til bruk p\u00e5 crossfit-boxen eller p\u00e5 treningsstudioet. Kj\u00f8p eller lei vektskiver online fra Motion & Fitness!","breadcrumb":{"@id":"https:\/\/motionfitness.se\/no\/produkter\/stotfangerplate-svart-5-20-kg\/#breadcrumb"},"inLanguage":"nb-NO","potentialAction":[{"@type":"ReadAction","target":["https:\/\/motionfitness.se\/no\/produkter\/stotfangerplate-svart-5-20-kg\/"]}]},{"@type":"ImageObject","inLanguage":"nb-NO","@id":"https:\/\/motionfitness.se\/no\/produkter\/stotfangerplate-svart-5-20-kg\/#primaryimage","url":"https:\/\/motionfitness.se\/wp-content\/uploads\/2023\/06\/20230607_153551_1200x1200.jpg","contentUrl":"https:\/\/motionfitness.se\/wp-content\/uploads\/2023\/06\/20230607_153551_1200x1200.jpg","width":1200,"height":1200,"caption":"Bumper plate vektskive 5-20 kg til vektstenger"},{"@type":"BreadcrumbList","@id":"https:\/\/motionfitness.se\/no\/produkter\/stotfangerplate-svart-5-20-kg\/#breadcrumb","itemListElement":[{"@type":"ListItem","position":1,"name":"Hem","item":"https:\/\/motionfitness.se\/no\/startside\/"},{"@type":"ListItem","position":2,"name":"Produkter","item":"https:\/\/motionfitness.se\/no\/produkter\/"},{"@type":"ListItem","position":3,"name":"Bumper Plates svart | 5-20 kg"}]},{"@type":"WebSite","@id":"https:\/\/motionfitness.se\/no\/#website","url":"https:\/\/motionfitness.se\/no\/","name":"Motion Fitness","description":"Stronger Together","publisher":{"@id":"https:\/\/motionfitness.se\/no\/#organization"},"potentialAction":[{"@type":"SearchAction","target":{"@type":"EntryPoint","urlTemplate":"https:\/\/motionfitness.se\/no\/?s={search_term_string}"},"query-input":{"@type":"PropertyValueSpecification","valueRequired":true,"valueName":"search_term_string"}}],"inLanguage":"nb-NO"},{"@type":"Organization","@id":"https:\/\/motionfitness.se\/no\/#organization","name":"Motion Fitness","url":"https:\/\/motionfitness.se\/no\/","logo":{"@type":"ImageObject","inLanguage":"nb-NO","@id":"https:\/\/motionfitness.se\/no\/#\/schema\/logo\/image\/","url":"https:\/\/motionfitness.se\/wp-content\/uploads\/2024\/01\/Motion-Fitness-Logol.png","contentUrl":"https:\/\/motionfitness.se\/wp-content\/uploads\/2024\/01\/Motion-Fitness-Logol.png","width":1280,"height":720,"caption":"Motion Fitness"},"image":{"@id":"https:\/\/motionfitness.se\/no\/#\/schema\/logo\/image\/"},"sameAs":["https:\/\/www.facebook.com\/motionfitnesssverige\/","https:\/\/www.instagram.com\/motionfitness.se\/"]}]}},"_links":{"self":[{"href":"https:\/\/motionfitness.se\/no\/wp-json\/wp\/v2\/product\/21083","targetHints":{"allow":["GET"]}}],"collection":[{"href":"https:\/\/motionfitness.se\/no\/wp-json\/wp\/v2\/product"}],"about":[{"href":"https:\/\/motionfitness.se\/no\/wp-json\/wp\/v2\/types\/product"}],"replies":[{"embeddable":true,"href":"https:\/\/motionfitness.se\/no\/wp-json\/wp\/v2\/comments?post=21083"}],"wp:featuredmedia":[{"embeddable":true,"href":"https:\/\/motionfitness.se\/no\/wp-json\/wp\/v2\/media\/20011"}],"wp:attachment":[{"href":"https:\/\/motionfitness.se\/no\/wp-json\/wp\/v2\/media?parent=21083"}],"wp:term":[{"taxonomy":"product_brand","embeddable":true,"href":"https:\/\/motionfitness.se\/no\/wp-json\/wp\/v2\/product_brand?post=21083"},{"taxonomy":"product_cat","embeddable":true,"href":"https:\/\/motionfitness.se\/no\/wp-json\/wp\/v2\/product_cat?post=21083"},{"taxonomy":"product_tag","embeddable":true,"href":"https:\/\/motionfitness.se\/no\/wp-json\/wp\/v2\/product_tag?post=21083"}],"curies":[{"name":"wp","href":"https:\/\/api.w.org\/{rel}","templated":true}]}}