{"id":21075,"date":"2023-03-16T14:00:11","date_gmt":"2023-03-16T13:00:11","guid":{"rendered":"https:\/\/motionfitness.se\/produkter\/master-ergometersykkel-b20\/"},"modified":"2025-06-24T17:05:36","modified_gmt":"2025-06-24T15:05:36","slug":"master-ergometersykkel-b20","status":"publish","type":"product","link":"https:\/\/motionfitness.se\/no\/produkter\/master-treningssykkel-b20\/","title":{"rendered":"Master ergometersykkel B20"},"content":{"rendered":"<p data-sourcepos=\"3:1-3:64\"><strong>Den perfekte ergometersykkelen for en komfortabel og effektiv start.<\/strong><\/p>\n<p data-sourcepos=\"5:1-5:289\">Master B20 er en brukervennlig ergometersykkel som er perfekt for deg som \u00f8nsker \u00e5 komme i gang med trening eller er ute etter en komfortabel og effektiv treningsform. Master B20 gir deg en <strong>inspirerende og individuelt tilpasset treningsopplevelse<\/strong>, uansett om du er nybegynner eller erfaren. <\/p>\n<p data-sourcepos=\"7:1-7:27\"><strong>Fordeler som motiverer:<\/strong><\/p>\n<ul data-sourcepos=\"9:1-14:0\">\n<li data-sourcepos=\"9:1-9:130\"><strong>Enkel \u00e5 bruke:<\/strong> Med sin intuitive design og tydelige skjerm er Master B20 enkel \u00e5 komme i gang med, selv for nybegynnere.<\/li>\n<li data-sourcepos=\"10:1-10:182\"><strong>Justerbar<\/strong> motstand: Den magnetisk styrte motstanden gir en <strong>jevn og stille<\/strong> kj\u00f8ring og kan enkelt tilpasses ditt niv\u00e5, enten du vil ha en lett eller utfordrende trenings\u00f8kt.<\/li>\n<li data-sourcepos=\"11:1-11:124\"><strong>Variert trening:<\/strong> Velg mellom en rekke treningsprogrammer for \u00e5 holde motivasjonen oppe og n\u00e5 m\u00e5lene dine raskere.<\/li>\n<li data-sourcepos=\"12:1-12:160\"><strong>Komfortabel og ergonomisk:<\/strong> Det justerbare setet og det ergonomiske styret gir en <strong>behagelig sittestilling<\/strong> som minimerer belastningen og maksimerer komforten.<\/li>\n<li data-sourcepos=\"13:1-14:0\"><strong>Kompakt design:<\/strong> Master B20 tar minimalt med plass og passer perfekt inn i ethvert hjem.<\/li>\n<\/ul>\n<p data-sourcepos=\"15:1-15:58\"><strong>Master B20 &#8211; din n\u00f8kkel til en sunnere livsstil!<\/strong><\/p>\n<p data-sourcepos=\"17:1-17:63\"><strong>Bestill din ergometersykkel i dag og start din treningsreise!<\/strong><\/p>\n","protected":false},"excerpt":{"rendered":"<p>Master B20 er en brukervennlig ergometersykkel som passer perfekt for deg som vil komme i gang med trening eller er ute etter en komfortabel og effektiv treningsform.<\/p>\n","protected":false},"featured_media":20379,"comment_status":"open","ping_status":"closed","template":"","meta":{"_acf_changed":false,"_monsterinsights_skip_tracking":false,"_monsterinsights_sitenote_active":false,"_monsterinsights_sitenote_note":"","_monsterinsights_sitenote_category":0},"product_brand":[],"product_cat":[793,476],"product_tag":[],"class_list":{"0":"post-21075","1":"product","2":"type-product","3":"status-publish","4":"has-post-thumbnail","6":"product_cat-master-no","7":"product_cat-sykler","9":"first","10":"instock","11":"taxable","12":"shipping-taxable","13":"purchasable","14":"product-type-simple"},"acf":[],"yoast_head":"<!-- This site is optimized with the Yoast SEO plugin v27.4 - https:\/\/yoast.com\/product\/yoast-seo-wordpress\/ -->\n<title>Master Ergometersykkel B20 (for hjemmetreningsstudioet) - Motionfitness.com<\/title>\n<meta name=\"description\" content=\"Master B20 er en brukervennlig ergometersykkel som er perfekt for deg som \u00f8nsker \u00e5 komme i gang med trening eller er ute etter en effektiv treningsform.\" \/>\n<meta name=\"robots\" content=\"index, follow, max-snippet:-1, max-image-preview:large, max-video-preview:-1\" \/>\n<link rel=\"canonical\" href=\"https:\/\/motionfitness.se\/no\/produkter\/master-treningssykkel-b20\/\" \/>\n<meta property=\"og:locale\" content=\"nb_NO\" \/>\n<meta property=\"og:type\" content=\"article\" \/>\n<meta property=\"og:title\" content=\"Master Ergometersykkel B20 (for hjemmetreningsstudioet) - Motionfitness.com\" \/>\n<meta property=\"og:description\" content=\"Master B20 er en brukervennlig ergometersykkel som er perfekt for deg som \u00f8nsker \u00e5 komme i gang med trening eller er ute etter en effektiv treningsform.\" \/>\n<meta property=\"og:url\" content=\"https:\/\/motionfitness.se\/no\/produkter\/master-treningssykkel-b20\/\" \/>\n<meta property=\"og:site_name\" content=\"Motion Fitness\" \/>\n<meta property=\"article:publisher\" content=\"https:\/\/www.facebook.com\/motionfitnesssverige\/\" \/>\n<meta property=\"article:modified_time\" content=\"2025-06-24T15:05:36+00:00\" \/>\n<meta property=\"og:image\" content=\"https:\/\/motionfitness.se\/wp-content\/uploads\/2023\/03\/motionscykel-master-b20_1000x1000.png\" \/>\n\t<meta property=\"og:image:width\" content=\"1000\" \/>\n\t<meta property=\"og:image:height\" content=\"1000\" \/>\n\t<meta property=\"og:image:type\" content=\"image\/png\" \/>\n<meta name=\"twitter:card\" content=\"summary_large_image\" \/>\n<meta name=\"twitter:label1\" content=\"Ansl. lesetid\" \/>\n\t<meta name=\"twitter:data1\" content=\"1 minutt\" \/>\n<script type=\"application\/ld+json\" class=\"yoast-schema-graph\">{\"@context\":\"https:\\\/\\\/schema.org\",\"@graph\":[{\"@type\":\"WebPage\",\"@id\":\"https:\\\/\\\/motionfitness.se\\\/no\\\/produkter\\\/master-treningssykkel-b20\\\/\",\"url\":\"https:\\\/\\\/motionfitness.se\\\/no\\\/produkter\\\/master-treningssykkel-b20\\\/\",\"name\":\"Master Ergometersykkel B20 (for hjemmetreningsstudioet) - Motionfitness.com\",\"isPartOf\":{\"@id\":\"https:\\\/\\\/motionfitness.se\\\/no\\\/#website\"},\"primaryImageOfPage\":{\"@id\":\"https:\\\/\\\/motionfitness.se\\\/no\\\/produkter\\\/master-treningssykkel-b20\\\/#primaryimage\"},\"image\":{\"@id\":\"https:\\\/\\\/motionfitness.se\\\/no\\\/produkter\\\/master-treningssykkel-b20\\\/#primaryimage\"},\"thumbnailUrl\":\"https:\\\/\\\/motionfitness.se\\\/wp-content\\\/uploads\\\/2023\\\/03\\\/motionscykel-master-b20_1000x1000.png\",\"datePublished\":\"2023-03-16T13:00:11+00:00\",\"dateModified\":\"2025-06-24T15:05:36+00:00\",\"description\":\"Master B20 er en brukervennlig ergometersykkel som er perfekt for deg som \u00f8nsker \u00e5 komme i gang med trening eller er ute etter en effektiv treningsform.\",\"breadcrumb\":{\"@id\":\"https:\\\/\\\/motionfitness.se\\\/no\\\/produkter\\\/master-treningssykkel-b20\\\/#breadcrumb\"},\"inLanguage\":\"nb-NO\",\"potentialAction\":[{\"@type\":\"ReadAction\",\"target\":[\"https:\\\/\\\/motionfitness.se\\\/no\\\/produkter\\\/master-treningssykkel-b20\\\/\"]}]},{\"@type\":\"ImageObject\",\"inLanguage\":\"nb-NO\",\"@id\":\"https:\\\/\\\/motionfitness.se\\\/no\\\/produkter\\\/master-treningssykkel-b20\\\/#primaryimage\",\"url\":\"https:\\\/\\\/motionfitness.se\\\/wp-content\\\/uploads\\\/2023\\\/03\\\/motionscykel-master-b20_1000x1000.png\",\"contentUrl\":\"https:\\\/\\\/motionfitness.se\\\/wp-content\\\/uploads\\\/2023\\\/03\\\/motionscykel-master-b20_1000x1000.png\",\"width\":1000,\"height\":1000,\"caption\":\"Ergometersykkel B20 Motion&amp;Fitness\"},{\"@type\":\"BreadcrumbList\",\"@id\":\"https:\\\/\\\/motionfitness.se\\\/no\\\/produkter\\\/master-treningssykkel-b20\\\/#breadcrumb\",\"itemListElement\":[{\"@type\":\"ListItem\",\"position\":1,\"name\":\"Hem\",\"item\":\"https:\\\/\\\/motionfitness.se\\\/no\\\/startside\\\/\"},{\"@type\":\"ListItem\",\"position\":2,\"name\":\"Produkter\",\"item\":\"https:\\\/\\\/motionfitness.se\\\/no\\\/produkter\\\/\"},{\"@type\":\"ListItem\",\"position\":3,\"name\":\"Master ergometersykkel B20\"}]},{\"@type\":\"WebSite\",\"@id\":\"https:\\\/\\\/motionfitness.se\\\/no\\\/#website\",\"url\":\"https:\\\/\\\/motionfitness.se\\\/no\\\/\",\"name\":\"Motion Fitness\",\"description\":\"Stronger Together\",\"publisher\":{\"@id\":\"https:\\\/\\\/motionfitness.se\\\/no\\\/#organization\"},\"potentialAction\":[{\"@type\":\"SearchAction\",\"target\":{\"@type\":\"EntryPoint\",\"urlTemplate\":\"https:\\\/\\\/motionfitness.se\\\/no\\\/?s={search_term_string}\"},\"query-input\":{\"@type\":\"PropertyValueSpecification\",\"valueRequired\":true,\"valueName\":\"search_term_string\"}}],\"inLanguage\":\"nb-NO\"},{\"@type\":\"Organization\",\"@id\":\"https:\\\/\\\/motionfitness.se\\\/no\\\/#organization\",\"name\":\"Motion Fitness\",\"url\":\"https:\\\/\\\/motionfitness.se\\\/no\\\/\",\"logo\":{\"@type\":\"ImageObject\",\"inLanguage\":\"nb-NO\",\"@id\":\"https:\\\/\\\/motionfitness.se\\\/no\\\/#\\\/schema\\\/logo\\\/image\\\/\",\"url\":\"https:\\\/\\\/motionfitness.se\\\/wp-content\\\/uploads\\\/2024\\\/01\\\/Motion-Fitness-Logol.png\",\"contentUrl\":\"https:\\\/\\\/motionfitness.se\\\/wp-content\\\/uploads\\\/2024\\\/01\\\/Motion-Fitness-Logol.png\",\"width\":1280,\"height\":720,\"caption\":\"Motion Fitness\"},\"image\":{\"@id\":\"https:\\\/\\\/motionfitness.se\\\/no\\\/#\\\/schema\\\/logo\\\/image\\\/\"},\"sameAs\":[\"https:\\\/\\\/www.facebook.com\\\/motionfitnesssverige\\\/\",\"https:\\\/\\\/www.instagram.com\\\/motionfitness.se\\\/\"]}]}<\/script>\n<!-- \/ Yoast SEO plugin. -->","yoast_head_json":{"title":"Master Ergometersykkel B20 (for hjemmetreningsstudioet) - Motionfitness.com","description":"Master B20 er en brukervennlig ergometersykkel som er perfekt for deg som \u00f8nsker \u00e5 komme i gang med trening eller er ute etter en effektiv treningsform.","robots":{"index":"index","follow":"follow","max-snippet":"max-snippet:-1","max-image-preview":"max-image-preview:large","max-video-preview":"max-video-preview:-1"},"canonical":"https:\/\/motionfitness.se\/no\/produkter\/master-treningssykkel-b20\/","og_locale":"nb_NO","og_type":"article","og_title":"Master Ergometersykkel B20 (for hjemmetreningsstudioet) - Motionfitness.com","og_description":"Master B20 er en brukervennlig ergometersykkel som er perfekt for deg som \u00f8nsker \u00e5 komme i gang med trening eller er ute etter en effektiv treningsform.","og_url":"https:\/\/motionfitness.se\/no\/produkter\/master-treningssykkel-b20\/","og_site_name":"Motion Fitness","article_publisher":"https:\/\/www.facebook.com\/motionfitnesssverige\/","article_modified_time":"2025-06-24T15:05:36+00:00","og_image":[{"width":1000,"height":1000,"url":"https:\/\/motionfitness.se\/wp-content\/uploads\/2023\/03\/motionscykel-master-b20_1000x1000.png","type":"image\/png"}],"twitter_card":"summary_large_image","twitter_misc":{"Ansl. lesetid":"1 minutt"},"schema":{"@context":"https:\/\/schema.org","@graph":[{"@type":"WebPage","@id":"https:\/\/motionfitness.se\/no\/produkter\/master-treningssykkel-b20\/","url":"https:\/\/motionfitness.se\/no\/produkter\/master-treningssykkel-b20\/","name":"Master Ergometersykkel B20 (for hjemmetreningsstudioet) - Motionfitness.com","isPartOf":{"@id":"https:\/\/motionfitness.se\/no\/#website"},"primaryImageOfPage":{"@id":"https:\/\/motionfitness.se\/no\/produkter\/master-treningssykkel-b20\/#primaryimage"},"image":{"@id":"https:\/\/motionfitness.se\/no\/produkter\/master-treningssykkel-b20\/#primaryimage"},"thumbnailUrl":"https:\/\/motionfitness.se\/wp-content\/uploads\/2023\/03\/motionscykel-master-b20_1000x1000.png","datePublished":"2023-03-16T13:00:11+00:00","dateModified":"2025-06-24T15:05:36+00:00","description":"Master B20 er en brukervennlig ergometersykkel som er perfekt for deg som \u00f8nsker \u00e5 komme i gang med trening eller er ute etter en effektiv treningsform.","breadcrumb":{"@id":"https:\/\/motionfitness.se\/no\/produkter\/master-treningssykkel-b20\/#breadcrumb"},"inLanguage":"nb-NO","potentialAction":[{"@type":"ReadAction","target":["https:\/\/motionfitness.se\/no\/produkter\/master-treningssykkel-b20\/"]}]},{"@type":"ImageObject","inLanguage":"nb-NO","@id":"https:\/\/motionfitness.se\/no\/produkter\/master-treningssykkel-b20\/#primaryimage","url":"https:\/\/motionfitness.se\/wp-content\/uploads\/2023\/03\/motionscykel-master-b20_1000x1000.png","contentUrl":"https:\/\/motionfitness.se\/wp-content\/uploads\/2023\/03\/motionscykel-master-b20_1000x1000.png","width":1000,"height":1000,"caption":"Ergometersykkel B20 Motion&amp;Fitness"},{"@type":"BreadcrumbList","@id":"https:\/\/motionfitness.se\/no\/produkter\/master-treningssykkel-b20\/#breadcrumb","itemListElement":[{"@type":"ListItem","position":1,"name":"Hem","item":"https:\/\/motionfitness.se\/no\/startside\/"},{"@type":"ListItem","position":2,"name":"Produkter","item":"https:\/\/motionfitness.se\/no\/produkter\/"},{"@type":"ListItem","position":3,"name":"Master ergometersykkel B20"}]},{"@type":"WebSite","@id":"https:\/\/motionfitness.se\/no\/#website","url":"https:\/\/motionfitness.se\/no\/","name":"Motion Fitness","description":"Stronger Together","publisher":{"@id":"https:\/\/motionfitness.se\/no\/#organization"},"potentialAction":[{"@type":"SearchAction","target":{"@type":"EntryPoint","urlTemplate":"https:\/\/motionfitness.se\/no\/?s={search_term_string}"},"query-input":{"@type":"PropertyValueSpecification","valueRequired":true,"valueName":"search_term_string"}}],"inLanguage":"nb-NO"},{"@type":"Organization","@id":"https:\/\/motionfitness.se\/no\/#organization","name":"Motion Fitness","url":"https:\/\/motionfitness.se\/no\/","logo":{"@type":"ImageObject","inLanguage":"nb-NO","@id":"https:\/\/motionfitness.se\/no\/#\/schema\/logo\/image\/","url":"https:\/\/motionfitness.se\/wp-content\/uploads\/2024\/01\/Motion-Fitness-Logol.png","contentUrl":"https:\/\/motionfitness.se\/wp-content\/uploads\/2024\/01\/Motion-Fitness-Logol.png","width":1280,"height":720,"caption":"Motion Fitness"},"image":{"@id":"https:\/\/motionfitness.se\/no\/#\/schema\/logo\/image\/"},"sameAs":["https:\/\/www.facebook.com\/motionfitnesssverige\/","https:\/\/www.instagram.com\/motionfitness.se\/"]}]}},"_links":{"self":[{"href":"https:\/\/motionfitness.se\/no\/wp-json\/wp\/v2\/product\/21075","targetHints":{"allow":["GET"]}}],"collection":[{"href":"https:\/\/motionfitness.se\/no\/wp-json\/wp\/v2\/product"}],"about":[{"href":"https:\/\/motionfitness.se\/no\/wp-json\/wp\/v2\/types\/product"}],"replies":[{"embeddable":true,"href":"https:\/\/motionfitness.se\/no\/wp-json\/wp\/v2\/comments?post=21075"}],"wp:featuredmedia":[{"embeddable":true,"href":"https:\/\/motionfitness.se\/no\/wp-json\/wp\/v2\/media\/20379"}],"wp:attachment":[{"href":"https:\/\/motionfitness.se\/no\/wp-json\/wp\/v2\/media?parent=21075"}],"wp:term":[{"taxonomy":"product_brand","embeddable":true,"href":"https:\/\/motionfitness.se\/no\/wp-json\/wp\/v2\/product_brand?post=21075"},{"taxonomy":"product_cat","embeddable":true,"href":"https:\/\/motionfitness.se\/no\/wp-json\/wp\/v2\/product_cat?post=21075"},{"taxonomy":"product_tag","embeddable":true,"href":"https:\/\/motionfitness.se\/no\/wp-json\/wp\/v2\/product_tag?post=21075"}],"curies":[{"name":"wp","href":"https:\/\/api.w.org\/{rel}","templated":true}]}}