{"id":21046,"date":"2023-05-16T12:00:08","date_gmt":"2023-05-16T10:00:08","guid":{"rendered":"https:\/\/motionfitness.se\/?post_type=product&#038;p=21046"},"modified":"2026-04-27T10:18:21","modified_gmt":"2026-04-27T08:18:21","slug":"sissy-squat-2","status":"publish","type":"product","link":"https:\/\/motionfitness.se\/no\/produkter\/sissy-squat-2\/","title":{"rendered":"Sissy Squat Bench"},"content":{"rendered":"<p>Dette er et popul\u00e6rt og klassisk treningsredskap for effektiv trening av bein og rumpe. Sissy kneb\u00f8ybenk er godt konstruert, tar minimalt med plass og kan justeres i b\u00e5de h\u00f8yde og dybde. Motion Fitness Sissy kneb\u00f8ybenk er robust og av sv\u00e6rt h\u00f8y kvalitet, og den t\u00e5ler en maksimal belastning p\u00e5 400 kg. Justeringsknappen er laget av rustfritt st\u00e5l med en lys ring, og putene er dekket av ekstra slitesterkt materiale. Den er ogs\u00e5 utstyrt med b\u00e5de hjul og h\u00e5ndtak for enkel forflytning.    <\/p>\n<p>Varier beintreningen med dette allsidige og verdifulle treningsredskapet.<br \/>\nJusterbar i h\u00f8yde og dybde for \u00e5 passe ulike kroppstyper og treningsniv\u00e5er.<br \/>\nMaksimer treningen for forsiden og baksiden av l\u00e5rene, rumpa og magemusklene.<br \/>\n\u00d8k gjerne motstanden ved \u00e5 bruke en vektvest, manualer, vektskiver eller vektstenger. Du kan ogs\u00e5 utfordre deg selv ved \u00e5 gj\u00f8re unilaterale benb\u00f8y. Sissy Squat-benken er et utfordrende treningsredskap til tross for sitt misvisende navn.  <\/p>\n","protected":false},"excerpt":{"rendered":"<p>Motion Fitness Sissy Squat Bench er robust og av sv\u00e6rt h\u00f8y kvalitet. Justeringsknappen er laget av rustfritt st\u00e5l med en lys ring, og putene er dekket av ekstra slitesterkt materiale. <\/p>\n","protected":false},"featured_media":24140,"comment_status":"open","ping_status":"closed","template":"","meta":{"_acf_changed":false,"_monsterinsights_skip_tracking":false,"_monsterinsights_sitenote_active":false,"_monsterinsights_sitenote_note":"","_monsterinsights_sitenote_category":0},"product_brand":[],"product_cat":[440],"product_tag":[520],"class_list":{"0":"post-21046","1":"product","2":"type-product","3":"status-publish","4":"has-post-thumbnail","6":"product_cat-motion-fitness-no","7":"product_tag-kampanjen","9":"first","10":"instock","11":"taxable","12":"shipping-taxable","13":"purchasable","14":"product-type-simple"},"acf":[],"yoast_head":"<!-- This site is optimized with the Yoast SEO plugin v27.4 - https:\/\/yoast.com\/product\/yoast-seo-wordpress\/ -->\n<title>Sissy Squat Bench | Motion Fitness<\/title>\n<meta name=\"description\" content=\"Motion Fitness Sissy Squat Bench er robust og av sv\u00e6rt h\u00f8y kvalitet. Et klassisk treningsredskap for effektiv trening av ben og rumpe.\" \/>\n<meta name=\"robots\" content=\"index, follow, max-snippet:-1, max-image-preview:large, max-video-preview:-1\" \/>\n<link rel=\"canonical\" href=\"https:\/\/motionfitness.se\/no\/produkter\/sissy-squat-2\/\" \/>\n<meta property=\"og:locale\" content=\"nb_NO\" \/>\n<meta property=\"og:type\" content=\"article\" \/>\n<meta property=\"og:title\" content=\"Sissy Squat Bench | Motion Fitness\" \/>\n<meta property=\"og:description\" content=\"Motion Fitness Sissy Squat Bench er robust og av sv\u00e6rt h\u00f8y kvalitet. Et klassisk treningsredskap for effektiv trening av ben og rumpe.\" \/>\n<meta property=\"og:url\" content=\"https:\/\/motionfitness.se\/no\/produkter\/sissy-squat-2\/\" \/>\n<meta property=\"og:site_name\" content=\"Motion Fitness\" \/>\n<meta property=\"article:publisher\" content=\"https:\/\/www.facebook.com\/motionfitnesssverige\/\" \/>\n<meta property=\"article:modified_time\" content=\"2026-04-27T08:18:21+00:00\" \/>\n<meta property=\"og:image\" content=\"https:\/\/motionfitness.se\/wp-content\/uploads\/2023\/09\/1-2.png\" \/>\n\t<meta property=\"og:image:width\" content=\"1080\" \/>\n\t<meta property=\"og:image:height\" content=\"1080\" \/>\n\t<meta property=\"og:image:type\" content=\"image\/png\" \/>\n<meta name=\"twitter:card\" content=\"summary_large_image\" \/>\n<meta name=\"twitter:label1\" content=\"Ansl. lesetid\" \/>\n\t<meta name=\"twitter:data1\" content=\"1 minutt\" \/>\n<script type=\"application\/ld+json\" class=\"yoast-schema-graph\">{\"@context\":\"https:\\\/\\\/schema.org\",\"@graph\":[{\"@type\":\"WebPage\",\"@id\":\"https:\\\/\\\/motionfitness.se\\\/no\\\/produkter\\\/sissy-squat-2\\\/\",\"url\":\"https:\\\/\\\/motionfitness.se\\\/no\\\/produkter\\\/sissy-squat-2\\\/\",\"name\":\"Sissy Squat Bench | Motion Fitness\",\"isPartOf\":{\"@id\":\"https:\\\/\\\/motionfitness.se\\\/no\\\/#website\"},\"primaryImageOfPage\":{\"@id\":\"https:\\\/\\\/motionfitness.se\\\/no\\\/produkter\\\/sissy-squat-2\\\/#primaryimage\"},\"image\":{\"@id\":\"https:\\\/\\\/motionfitness.se\\\/no\\\/produkter\\\/sissy-squat-2\\\/#primaryimage\"},\"thumbnailUrl\":\"https:\\\/\\\/motionfitness.se\\\/wp-content\\\/uploads\\\/2023\\\/09\\\/1-2.png\",\"datePublished\":\"2023-05-16T10:00:08+00:00\",\"dateModified\":\"2026-04-27T08:18:21+00:00\",\"description\":\"Motion Fitness Sissy Squat Bench er robust og av sv\u00e6rt h\u00f8y kvalitet. Et klassisk treningsredskap for effektiv trening av ben og rumpe.\",\"breadcrumb\":{\"@id\":\"https:\\\/\\\/motionfitness.se\\\/no\\\/produkter\\\/sissy-squat-2\\\/#breadcrumb\"},\"inLanguage\":\"nb-NO\",\"potentialAction\":[{\"@type\":\"ReadAction\",\"target\":[\"https:\\\/\\\/motionfitness.se\\\/no\\\/produkter\\\/sissy-squat-2\\\/\"]}]},{\"@type\":\"ImageObject\",\"inLanguage\":\"nb-NO\",\"@id\":\"https:\\\/\\\/motionfitness.se\\\/no\\\/produkter\\\/sissy-squat-2\\\/#primaryimage\",\"url\":\"https:\\\/\\\/motionfitness.se\\\/wp-content\\\/uploads\\\/2023\\\/09\\\/1-2.png\",\"contentUrl\":\"https:\\\/\\\/motionfitness.se\\\/wp-content\\\/uploads\\\/2023\\\/09\\\/1-2.png\",\"width\":1080,\"height\":1080,\"caption\":\"Sissy kneb\u00f8ybenk\"},{\"@type\":\"BreadcrumbList\",\"@id\":\"https:\\\/\\\/motionfitness.se\\\/no\\\/produkter\\\/sissy-squat-2\\\/#breadcrumb\",\"itemListElement\":[{\"@type\":\"ListItem\",\"position\":1,\"name\":\"Hem\",\"item\":\"https:\\\/\\\/motionfitness.se\\\/no\\\/startside\\\/\"},{\"@type\":\"ListItem\",\"position\":2,\"name\":\"Produkter\",\"item\":\"https:\\\/\\\/motionfitness.se\\\/no\\\/produkter\\\/\"},{\"@type\":\"ListItem\",\"position\":3,\"name\":\"Sissy Squat Bench\"}]},{\"@type\":\"WebSite\",\"@id\":\"https:\\\/\\\/motionfitness.se\\\/no\\\/#website\",\"url\":\"https:\\\/\\\/motionfitness.se\\\/no\\\/\",\"name\":\"Motion Fitness\",\"description\":\"Stronger Together\",\"publisher\":{\"@id\":\"https:\\\/\\\/motionfitness.se\\\/no\\\/#organization\"},\"potentialAction\":[{\"@type\":\"SearchAction\",\"target\":{\"@type\":\"EntryPoint\",\"urlTemplate\":\"https:\\\/\\\/motionfitness.se\\\/no\\\/?s={search_term_string}\"},\"query-input\":{\"@type\":\"PropertyValueSpecification\",\"valueRequired\":true,\"valueName\":\"search_term_string\"}}],\"inLanguage\":\"nb-NO\"},{\"@type\":\"Organization\",\"@id\":\"https:\\\/\\\/motionfitness.se\\\/no\\\/#organization\",\"name\":\"Motion Fitness\",\"url\":\"https:\\\/\\\/motionfitness.se\\\/no\\\/\",\"logo\":{\"@type\":\"ImageObject\",\"inLanguage\":\"nb-NO\",\"@id\":\"https:\\\/\\\/motionfitness.se\\\/no\\\/#\\\/schema\\\/logo\\\/image\\\/\",\"url\":\"https:\\\/\\\/motionfitness.se\\\/wp-content\\\/uploads\\\/2024\\\/01\\\/Motion-Fitness-Logol.png\",\"contentUrl\":\"https:\\\/\\\/motionfitness.se\\\/wp-content\\\/uploads\\\/2024\\\/01\\\/Motion-Fitness-Logol.png\",\"width\":1280,\"height\":720,\"caption\":\"Motion Fitness\"},\"image\":{\"@id\":\"https:\\\/\\\/motionfitness.se\\\/no\\\/#\\\/schema\\\/logo\\\/image\\\/\"},\"sameAs\":[\"https:\\\/\\\/www.facebook.com\\\/motionfitnesssverige\\\/\",\"https:\\\/\\\/www.instagram.com\\\/motionfitness.se\\\/\"]}]}<\/script>\n<!-- \/ Yoast SEO plugin. -->","yoast_head_json":{"title":"Sissy Squat Bench | Motion Fitness","description":"Motion Fitness Sissy Squat Bench er robust og av sv\u00e6rt h\u00f8y kvalitet. Et klassisk treningsredskap for effektiv trening av ben og rumpe.","robots":{"index":"index","follow":"follow","max-snippet":"max-snippet:-1","max-image-preview":"max-image-preview:large","max-video-preview":"max-video-preview:-1"},"canonical":"https:\/\/motionfitness.se\/no\/produkter\/sissy-squat-2\/","og_locale":"nb_NO","og_type":"article","og_title":"Sissy Squat Bench | Motion Fitness","og_description":"Motion Fitness Sissy Squat Bench er robust og av sv\u00e6rt h\u00f8y kvalitet. Et klassisk treningsredskap for effektiv trening av ben og rumpe.","og_url":"https:\/\/motionfitness.se\/no\/produkter\/sissy-squat-2\/","og_site_name":"Motion Fitness","article_publisher":"https:\/\/www.facebook.com\/motionfitnesssverige\/","article_modified_time":"2026-04-27T08:18:21+00:00","og_image":[{"width":1080,"height":1080,"url":"https:\/\/motionfitness.se\/wp-content\/uploads\/2023\/09\/1-2.png","type":"image\/png"}],"twitter_card":"summary_large_image","twitter_misc":{"Ansl. lesetid":"1 minutt"},"schema":{"@context":"https:\/\/schema.org","@graph":[{"@type":"WebPage","@id":"https:\/\/motionfitness.se\/no\/produkter\/sissy-squat-2\/","url":"https:\/\/motionfitness.se\/no\/produkter\/sissy-squat-2\/","name":"Sissy Squat Bench | Motion Fitness","isPartOf":{"@id":"https:\/\/motionfitness.se\/no\/#website"},"primaryImageOfPage":{"@id":"https:\/\/motionfitness.se\/no\/produkter\/sissy-squat-2\/#primaryimage"},"image":{"@id":"https:\/\/motionfitness.se\/no\/produkter\/sissy-squat-2\/#primaryimage"},"thumbnailUrl":"https:\/\/motionfitness.se\/wp-content\/uploads\/2023\/09\/1-2.png","datePublished":"2023-05-16T10:00:08+00:00","dateModified":"2026-04-27T08:18:21+00:00","description":"Motion Fitness Sissy Squat Bench er robust og av sv\u00e6rt h\u00f8y kvalitet. Et klassisk treningsredskap for effektiv trening av ben og rumpe.","breadcrumb":{"@id":"https:\/\/motionfitness.se\/no\/produkter\/sissy-squat-2\/#breadcrumb"},"inLanguage":"nb-NO","potentialAction":[{"@type":"ReadAction","target":["https:\/\/motionfitness.se\/no\/produkter\/sissy-squat-2\/"]}]},{"@type":"ImageObject","inLanguage":"nb-NO","@id":"https:\/\/motionfitness.se\/no\/produkter\/sissy-squat-2\/#primaryimage","url":"https:\/\/motionfitness.se\/wp-content\/uploads\/2023\/09\/1-2.png","contentUrl":"https:\/\/motionfitness.se\/wp-content\/uploads\/2023\/09\/1-2.png","width":1080,"height":1080,"caption":"Sissy kneb\u00f8ybenk"},{"@type":"BreadcrumbList","@id":"https:\/\/motionfitness.se\/no\/produkter\/sissy-squat-2\/#breadcrumb","itemListElement":[{"@type":"ListItem","position":1,"name":"Hem","item":"https:\/\/motionfitness.se\/no\/startside\/"},{"@type":"ListItem","position":2,"name":"Produkter","item":"https:\/\/motionfitness.se\/no\/produkter\/"},{"@type":"ListItem","position":3,"name":"Sissy Squat Bench"}]},{"@type":"WebSite","@id":"https:\/\/motionfitness.se\/no\/#website","url":"https:\/\/motionfitness.se\/no\/","name":"Motion Fitness","description":"Stronger Together","publisher":{"@id":"https:\/\/motionfitness.se\/no\/#organization"},"potentialAction":[{"@type":"SearchAction","target":{"@type":"EntryPoint","urlTemplate":"https:\/\/motionfitness.se\/no\/?s={search_term_string}"},"query-input":{"@type":"PropertyValueSpecification","valueRequired":true,"valueName":"search_term_string"}}],"inLanguage":"nb-NO"},{"@type":"Organization","@id":"https:\/\/motionfitness.se\/no\/#organization","name":"Motion Fitness","url":"https:\/\/motionfitness.se\/no\/","logo":{"@type":"ImageObject","inLanguage":"nb-NO","@id":"https:\/\/motionfitness.se\/no\/#\/schema\/logo\/image\/","url":"https:\/\/motionfitness.se\/wp-content\/uploads\/2024\/01\/Motion-Fitness-Logol.png","contentUrl":"https:\/\/motionfitness.se\/wp-content\/uploads\/2024\/01\/Motion-Fitness-Logol.png","width":1280,"height":720,"caption":"Motion Fitness"},"image":{"@id":"https:\/\/motionfitness.se\/no\/#\/schema\/logo\/image\/"},"sameAs":["https:\/\/www.facebook.com\/motionfitnesssverige\/","https:\/\/www.instagram.com\/motionfitness.se\/"]}]}},"_links":{"self":[{"href":"https:\/\/motionfitness.se\/no\/wp-json\/wp\/v2\/product\/21046","targetHints":{"allow":["GET"]}}],"collection":[{"href":"https:\/\/motionfitness.se\/no\/wp-json\/wp\/v2\/product"}],"about":[{"href":"https:\/\/motionfitness.se\/no\/wp-json\/wp\/v2\/types\/product"}],"replies":[{"embeddable":true,"href":"https:\/\/motionfitness.se\/no\/wp-json\/wp\/v2\/comments?post=21046"}],"wp:featuredmedia":[{"embeddable":true,"href":"https:\/\/motionfitness.se\/no\/wp-json\/wp\/v2\/media\/24140"}],"wp:attachment":[{"href":"https:\/\/motionfitness.se\/no\/wp-json\/wp\/v2\/media?parent=21046"}],"wp:term":[{"taxonomy":"product_brand","embeddable":true,"href":"https:\/\/motionfitness.se\/no\/wp-json\/wp\/v2\/product_brand?post=21046"},{"taxonomy":"product_cat","embeddable":true,"href":"https:\/\/motionfitness.se\/no\/wp-json\/wp\/v2\/product_cat?post=21046"},{"taxonomy":"product_tag","embeddable":true,"href":"https:\/\/motionfitness.se\/no\/wp-json\/wp\/v2\/product_tag?post=21046"}],"curies":[{"name":"wp","href":"https:\/\/api.w.org\/{rel}","templated":true}]}}