{"id":21002,"date":"2024-02-07T12:00:13","date_gmt":"2024-02-07T11:00:13","guid":{"rendered":"https:\/\/motionfitness.se\/?post_type=product&#038;p=21002"},"modified":"2026-04-05T14:58:24","modified_gmt":"2026-04-05T12:58:24","slug":"plyobox-tre-40x50x60cm","status":"publish","type":"product","link":"https:\/\/motionfitness.se\/no\/produkter\/plyobox-tre-40x50x60cm\/","title":{"rendered":"Plyobox Tre 40 x 50 x 60 cm"},"content":{"rendered":"<p data-sourcepos=\"18:1-18:64\"><strong>Motion Fitness Plyobox Wood &#8211; Forbedre dine atletiske evner<\/strong><\/p>\n<p data-sourcepos=\"20:1-20:263\">Utfordre deg selv med v\u00e5r <strong>Motion Fitness Wooden Plyobox<\/strong>. Den robuste og stabile plyoboxen er perfekt for b\u00e5de funksjonell trening og h\u00f8yintensiv intervalltrening. Med tre justerbare h\u00f8yder kan du variere treningen og n\u00e5 treningsm\u00e5lene dine raskere.<\/p>\n<ul data-sourcepos=\"22:1-26:0\">\n<li data-sourcepos=\"22:1-22:58\"><strong>H\u00f8y kvalitet:<\/strong> Laget for \u00e5 t\u00e5le t\u00f8ff trening.<\/li>\n<li data-sourcepos=\"23:1-23:62\"><strong>Robust:<\/strong> Stabilitet for trygge og effektive trenings\u00f8kter.<\/li>\n<li data-sourcepos=\"24:1-24:51\"><strong>Allsidig:<\/strong> Nyttig for alle treningsniv\u00e5er.<\/li>\n<li data-sourcepos=\"24:1-24:51\"><strong>Komplett<\/strong> med verkt\u00f8y, skruer, bruksanvisning og til og med hansker for \u00e5 gj\u00f8re monteringen s\u00e5 enkel som mulig.<\/li>\n<\/ul>\n","protected":false},"excerpt":{"rendered":"<p>Vil du hoppe h\u00f8yere og bli sterkere? V\u00e5r plyobox vil hjelpe deg med \u00e5 n\u00e5 dine treningsm\u00e5l. Perfekt for box jumps, burpee box jumps, step ups og mye mer.<\/p>\n","protected":false},"featured_media":31053,"comment_status":"open","ping_status":"closed","template":"","meta":{"_acf_changed":false,"_monsterinsights_skip_tracking":false,"_monsterinsights_sitenote_active":false,"_monsterinsights_sitenote_note":"","_monsterinsights_sitenote_category":0},"product_brand":[],"product_cat":[440,663],"product_tag":[790],"class_list":{"0":"post-21002","1":"product","2":"type-product","3":"status-publish","4":"has-post-thumbnail","6":"product_cat-motion-fitness-no","7":"product_cat-plyobox-no","8":"product_tag-ny","10":"first","11":"instock","12":"taxable","13":"shipping-taxable","14":"purchasable","15":"product-type-simple"},"acf":[],"yoast_head":"<!-- This site is optimized with the Yoast SEO plugin v27.4 - https:\/\/yoast.com\/product\/yoast-seo-wordpress\/ -->\n<title>Plyobox Tre 40 x 50 x 60 cm | Motion Fitness<\/title>\n<meta name=\"description\" content=\"Motion Fitness Plyobox Wood - Forbedre dine atletiske evner. Med tre justerbare h\u00f8yder kan du variere treningen og n\u00e5 dine treningsm\u00e5l raskere.\" \/>\n<meta name=\"robots\" content=\"index, follow, max-snippet:-1, max-image-preview:large, max-video-preview:-1\" \/>\n<link rel=\"canonical\" href=\"https:\/\/motionfitness.se\/no\/produkter\/plyobox-tre-40x50x60cm\/\" \/>\n<meta property=\"og:locale\" content=\"nb_NO\" \/>\n<meta property=\"og:type\" content=\"article\" \/>\n<meta property=\"og:title\" content=\"Plyobox Tre 40 x 50 x 60 cm | Motion Fitness\" \/>\n<meta property=\"og:description\" content=\"Motion Fitness Plyobox Wood - Forbedre dine atletiske evner. Med tre justerbare h\u00f8yder kan du variere treningen og n\u00e5 dine treningsm\u00e5l raskere.\" \/>\n<meta property=\"og:url\" content=\"https:\/\/motionfitness.se\/no\/produkter\/plyobox-tre-40x50x60cm\/\" \/>\n<meta property=\"og:site_name\" content=\"Motion Fitness\" \/>\n<meta property=\"article:publisher\" content=\"https:\/\/www.facebook.com\/motionfitnesssverige\/\" \/>\n<meta property=\"article:modified_time\" content=\"2026-04-05T12:58:24+00:00\" \/>\n<meta property=\"og:image\" content=\"https:\/\/motionfitness.se\/wp-content\/uploads\/2024\/12\/80-cm-5.png\" \/>\n\t<meta property=\"og:image:width\" content=\"1080\" \/>\n\t<meta property=\"og:image:height\" content=\"1080\" \/>\n\t<meta property=\"og:image:type\" content=\"image\/png\" \/>\n<meta name=\"twitter:card\" content=\"summary_large_image\" \/>\n<meta name=\"twitter:label1\" content=\"Ansl. lesetid\" \/>\n\t<meta name=\"twitter:data1\" content=\"1 minutt\" \/>\n<script type=\"application\/ld+json\" class=\"yoast-schema-graph\">{\"@context\":\"https:\\\/\\\/schema.org\",\"@graph\":[{\"@type\":\"WebPage\",\"@id\":\"https:\\\/\\\/motionfitness.se\\\/no\\\/produkter\\\/plyobox-tre-40x50x60cm\\\/\",\"url\":\"https:\\\/\\\/motionfitness.se\\\/no\\\/produkter\\\/plyobox-tre-40x50x60cm\\\/\",\"name\":\"Plyobox Tre 40 x 50 x 60 cm | Motion Fitness\",\"isPartOf\":{\"@id\":\"https:\\\/\\\/motionfitness.se\\\/no\\\/#website\"},\"primaryImageOfPage\":{\"@id\":\"https:\\\/\\\/motionfitness.se\\\/no\\\/produkter\\\/plyobox-tre-40x50x60cm\\\/#primaryimage\"},\"image\":{\"@id\":\"https:\\\/\\\/motionfitness.se\\\/no\\\/produkter\\\/plyobox-tre-40x50x60cm\\\/#primaryimage\"},\"thumbnailUrl\":\"https:\\\/\\\/motionfitness.se\\\/wp-content\\\/uploads\\\/2024\\\/12\\\/80-cm-5.png\",\"datePublished\":\"2024-02-07T11:00:13+00:00\",\"dateModified\":\"2026-04-05T12:58:24+00:00\",\"description\":\"Motion Fitness Plyobox Wood - Forbedre dine atletiske evner. Med tre justerbare h\u00f8yder kan du variere treningen og n\u00e5 dine treningsm\u00e5l raskere.\",\"breadcrumb\":{\"@id\":\"https:\\\/\\\/motionfitness.se\\\/no\\\/produkter\\\/plyobox-tre-40x50x60cm\\\/#breadcrumb\"},\"inLanguage\":\"nb-NO\",\"potentialAction\":[{\"@type\":\"ReadAction\",\"target\":[\"https:\\\/\\\/motionfitness.se\\\/no\\\/produkter\\\/plyobox-tre-40x50x60cm\\\/\"]}]},{\"@type\":\"ImageObject\",\"inLanguage\":\"nb-NO\",\"@id\":\"https:\\\/\\\/motionfitness.se\\\/no\\\/produkter\\\/plyobox-tre-40x50x60cm\\\/#primaryimage\",\"url\":\"https:\\\/\\\/motionfitness.se\\\/wp-content\\\/uploads\\\/2024\\\/12\\\/80-cm-5.png\",\"contentUrl\":\"https:\\\/\\\/motionfitness.se\\\/wp-content\\\/uploads\\\/2024\\\/12\\\/80-cm-5.png\",\"width\":1080,\"height\":1080},{\"@type\":\"BreadcrumbList\",\"@id\":\"https:\\\/\\\/motionfitness.se\\\/no\\\/produkter\\\/plyobox-tre-40x50x60cm\\\/#breadcrumb\",\"itemListElement\":[{\"@type\":\"ListItem\",\"position\":1,\"name\":\"Hem\",\"item\":\"https:\\\/\\\/motionfitness.se\\\/no\\\/startside\\\/\"},{\"@type\":\"ListItem\",\"position\":2,\"name\":\"Produkter\",\"item\":\"https:\\\/\\\/motionfitness.se\\\/no\\\/produkter\\\/\"},{\"@type\":\"ListItem\",\"position\":3,\"name\":\"Plyobox Tre 40 x 50 x 60 cm\"}]},{\"@type\":\"WebSite\",\"@id\":\"https:\\\/\\\/motionfitness.se\\\/no\\\/#website\",\"url\":\"https:\\\/\\\/motionfitness.se\\\/no\\\/\",\"name\":\"Motion Fitness\",\"description\":\"Stronger Together\",\"publisher\":{\"@id\":\"https:\\\/\\\/motionfitness.se\\\/no\\\/#organization\"},\"potentialAction\":[{\"@type\":\"SearchAction\",\"target\":{\"@type\":\"EntryPoint\",\"urlTemplate\":\"https:\\\/\\\/motionfitness.se\\\/no\\\/?s={search_term_string}\"},\"query-input\":{\"@type\":\"PropertyValueSpecification\",\"valueRequired\":true,\"valueName\":\"search_term_string\"}}],\"inLanguage\":\"nb-NO\"},{\"@type\":\"Organization\",\"@id\":\"https:\\\/\\\/motionfitness.se\\\/no\\\/#organization\",\"name\":\"Motion Fitness\",\"url\":\"https:\\\/\\\/motionfitness.se\\\/no\\\/\",\"logo\":{\"@type\":\"ImageObject\",\"inLanguage\":\"nb-NO\",\"@id\":\"https:\\\/\\\/motionfitness.se\\\/no\\\/#\\\/schema\\\/logo\\\/image\\\/\",\"url\":\"https:\\\/\\\/motionfitness.se\\\/wp-content\\\/uploads\\\/2024\\\/01\\\/Motion-Fitness-Logol.png\",\"contentUrl\":\"https:\\\/\\\/motionfitness.se\\\/wp-content\\\/uploads\\\/2024\\\/01\\\/Motion-Fitness-Logol.png\",\"width\":1280,\"height\":720,\"caption\":\"Motion Fitness\"},\"image\":{\"@id\":\"https:\\\/\\\/motionfitness.se\\\/no\\\/#\\\/schema\\\/logo\\\/image\\\/\"},\"sameAs\":[\"https:\\\/\\\/www.facebook.com\\\/motionfitnesssverige\\\/\",\"https:\\\/\\\/www.instagram.com\\\/motionfitness.se\\\/\"]}]}<\/script>\n<!-- \/ Yoast SEO plugin. -->","yoast_head_json":{"title":"Plyobox Tre 40 x 50 x 60 cm | Motion Fitness","description":"Motion Fitness Plyobox Wood - Forbedre dine atletiske evner. Med tre justerbare h\u00f8yder kan du variere treningen og n\u00e5 dine treningsm\u00e5l raskere.","robots":{"index":"index","follow":"follow","max-snippet":"max-snippet:-1","max-image-preview":"max-image-preview:large","max-video-preview":"max-video-preview:-1"},"canonical":"https:\/\/motionfitness.se\/no\/produkter\/plyobox-tre-40x50x60cm\/","og_locale":"nb_NO","og_type":"article","og_title":"Plyobox Tre 40 x 50 x 60 cm | Motion Fitness","og_description":"Motion Fitness Plyobox Wood - Forbedre dine atletiske evner. Med tre justerbare h\u00f8yder kan du variere treningen og n\u00e5 dine treningsm\u00e5l raskere.","og_url":"https:\/\/motionfitness.se\/no\/produkter\/plyobox-tre-40x50x60cm\/","og_site_name":"Motion Fitness","article_publisher":"https:\/\/www.facebook.com\/motionfitnesssverige\/","article_modified_time":"2026-04-05T12:58:24+00:00","og_image":[{"width":1080,"height":1080,"url":"https:\/\/motionfitness.se\/wp-content\/uploads\/2024\/12\/80-cm-5.png","type":"image\/png"}],"twitter_card":"summary_large_image","twitter_misc":{"Ansl. lesetid":"1 minutt"},"schema":{"@context":"https:\/\/schema.org","@graph":[{"@type":"WebPage","@id":"https:\/\/motionfitness.se\/no\/produkter\/plyobox-tre-40x50x60cm\/","url":"https:\/\/motionfitness.se\/no\/produkter\/plyobox-tre-40x50x60cm\/","name":"Plyobox Tre 40 x 50 x 60 cm | Motion Fitness","isPartOf":{"@id":"https:\/\/motionfitness.se\/no\/#website"},"primaryImageOfPage":{"@id":"https:\/\/motionfitness.se\/no\/produkter\/plyobox-tre-40x50x60cm\/#primaryimage"},"image":{"@id":"https:\/\/motionfitness.se\/no\/produkter\/plyobox-tre-40x50x60cm\/#primaryimage"},"thumbnailUrl":"https:\/\/motionfitness.se\/wp-content\/uploads\/2024\/12\/80-cm-5.png","datePublished":"2024-02-07T11:00:13+00:00","dateModified":"2026-04-05T12:58:24+00:00","description":"Motion Fitness Plyobox Wood - Forbedre dine atletiske evner. Med tre justerbare h\u00f8yder kan du variere treningen og n\u00e5 dine treningsm\u00e5l raskere.","breadcrumb":{"@id":"https:\/\/motionfitness.se\/no\/produkter\/plyobox-tre-40x50x60cm\/#breadcrumb"},"inLanguage":"nb-NO","potentialAction":[{"@type":"ReadAction","target":["https:\/\/motionfitness.se\/no\/produkter\/plyobox-tre-40x50x60cm\/"]}]},{"@type":"ImageObject","inLanguage":"nb-NO","@id":"https:\/\/motionfitness.se\/no\/produkter\/plyobox-tre-40x50x60cm\/#primaryimage","url":"https:\/\/motionfitness.se\/wp-content\/uploads\/2024\/12\/80-cm-5.png","contentUrl":"https:\/\/motionfitness.se\/wp-content\/uploads\/2024\/12\/80-cm-5.png","width":1080,"height":1080},{"@type":"BreadcrumbList","@id":"https:\/\/motionfitness.se\/no\/produkter\/plyobox-tre-40x50x60cm\/#breadcrumb","itemListElement":[{"@type":"ListItem","position":1,"name":"Hem","item":"https:\/\/motionfitness.se\/no\/startside\/"},{"@type":"ListItem","position":2,"name":"Produkter","item":"https:\/\/motionfitness.se\/no\/produkter\/"},{"@type":"ListItem","position":3,"name":"Plyobox Tre 40 x 50 x 60 cm"}]},{"@type":"WebSite","@id":"https:\/\/motionfitness.se\/no\/#website","url":"https:\/\/motionfitness.se\/no\/","name":"Motion Fitness","description":"Stronger Together","publisher":{"@id":"https:\/\/motionfitness.se\/no\/#organization"},"potentialAction":[{"@type":"SearchAction","target":{"@type":"EntryPoint","urlTemplate":"https:\/\/motionfitness.se\/no\/?s={search_term_string}"},"query-input":{"@type":"PropertyValueSpecification","valueRequired":true,"valueName":"search_term_string"}}],"inLanguage":"nb-NO"},{"@type":"Organization","@id":"https:\/\/motionfitness.se\/no\/#organization","name":"Motion Fitness","url":"https:\/\/motionfitness.se\/no\/","logo":{"@type":"ImageObject","inLanguage":"nb-NO","@id":"https:\/\/motionfitness.se\/no\/#\/schema\/logo\/image\/","url":"https:\/\/motionfitness.se\/wp-content\/uploads\/2024\/01\/Motion-Fitness-Logol.png","contentUrl":"https:\/\/motionfitness.se\/wp-content\/uploads\/2024\/01\/Motion-Fitness-Logol.png","width":1280,"height":720,"caption":"Motion Fitness"},"image":{"@id":"https:\/\/motionfitness.se\/no\/#\/schema\/logo\/image\/"},"sameAs":["https:\/\/www.facebook.com\/motionfitnesssverige\/","https:\/\/www.instagram.com\/motionfitness.se\/"]}]}},"_links":{"self":[{"href":"https:\/\/motionfitness.se\/no\/wp-json\/wp\/v2\/product\/21002","targetHints":{"allow":["GET"]}}],"collection":[{"href":"https:\/\/motionfitness.se\/no\/wp-json\/wp\/v2\/product"}],"about":[{"href":"https:\/\/motionfitness.se\/no\/wp-json\/wp\/v2\/types\/product"}],"replies":[{"embeddable":true,"href":"https:\/\/motionfitness.se\/no\/wp-json\/wp\/v2\/comments?post=21002"}],"wp:featuredmedia":[{"embeddable":true,"href":"https:\/\/motionfitness.se\/no\/wp-json\/wp\/v2\/media\/31053"}],"wp:attachment":[{"href":"https:\/\/motionfitness.se\/no\/wp-json\/wp\/v2\/media?parent=21002"}],"wp:term":[{"taxonomy":"product_brand","embeddable":true,"href":"https:\/\/motionfitness.se\/no\/wp-json\/wp\/v2\/product_brand?post=21002"},{"taxonomy":"product_cat","embeddable":true,"href":"https:\/\/motionfitness.se\/no\/wp-json\/wp\/v2\/product_cat?post=21002"},{"taxonomy":"product_tag","embeddable":true,"href":"https:\/\/motionfitness.se\/no\/wp-json\/wp\/v2\/product_tag?post=21002"}],"curies":[{"name":"wp","href":"https:\/\/api.w.org\/{rel}","templated":true}]}}