{"id":20983,"date":"2023-10-04T15:00:13","date_gmt":"2023-10-04T13:00:13","guid":{"rendered":"https:\/\/motionfitness.se\/?post_type=product&#038;p=20983"},"modified":"2026-04-27T15:38:11","modified_gmt":"2026-04-27T13:38:11","slug":"hip-thrust-pute-94-cm","status":"publish","type":"product","link":"https:\/\/motionfitness.se\/no\/produkter\/hip-thrust-pute-94-cm\/","title":{"rendered":"Hip Thrust Pad Large"},"content":{"rendered":"<p>Motion Fitness Hip Thrust Pad er en romslig og myk treningspute som er spesielt utviklet for hip thrust-\u00f8velser, ogs\u00e5 kjent som hoftel\u00f8ft. Puten er laget for \u00e5 v\u00e6re komfortabel og sk\u00e5nsom mot ryggen under treningen. I tillegg er den tilgjengelig i to forskjellige st\u00f8rrelser for \u00e5 passe til ulike brukere og treningspreferanser. Takket v\u00e6re den lette vekten og den slanke designen er den enkel \u00e5 flytte rundt p\u00e5.   <\/p>\n<p>Denne Hip Thrust Pad er ideell for bruk b\u00e5de p\u00e5 profesjonelle treningssentre og hjemme. For best resultat anbefales det \u00e5 bruke den sammen med en vektstang og vekter eller treningsb\u00e5nd. <\/p>\n<p>&nbsp;<\/p>\n","protected":false},"excerpt":{"rendered":"<p>Motion Fitness Hip Thrust Pad er en romslig og myk treningspute som er spesielt utviklet for hip thrust-\u00f8velser, ogs\u00e5 kjent som hoftel\u00f8ft. Den er tilgjengelig i to forskjellige st\u00f8rrelser for \u00e5 passe til ulike brukere og treningspreferanser. <\/p>\n","protected":false},"featured_media":34717,"comment_status":"open","ping_status":"closed","template":"","meta":{"_acf_changed":false,"_monsterinsights_skip_tracking":false,"_monsterinsights_sitenote_active":false,"_monsterinsights_sitenote_note":"","_monsterinsights_sitenote_category":0},"product_brand":[],"product_cat":[447,440,445],"product_tag":[],"class_list":{"0":"post-20983","1":"product","2":"type-product","3":"status-publish","4":"has-post-thumbnail","6":"product_cat-funksjonelt-utstyr","7":"product_cat-motion-fitness-no","8":"product_cat-tilbehor","10":"first","11":"instock","12":"taxable","13":"shipping-taxable","14":"purchasable","15":"product-type-simple"},"acf":[],"yoast_head":"<!-- This site is optimized with the Yoast SEO plugin v27.4 - https:\/\/yoast.com\/product\/yoast-seo-wordpress\/ -->\n<title>Hip Thrust Pad Large | Motion Fitness<\/title>\n<meta name=\"description\" content=\"Motion Fitness Hip Thrust Pad er en romslig og myk treningspute som er spesielt utviklet for hip thrust-\u00f8velser, ogs\u00e5 kjent som hoftel\u00f8ft. Tilgjengelig i 2 forskjellige st\u00f8rrelser.\" \/>\n<meta name=\"robots\" content=\"index, follow, max-snippet:-1, max-image-preview:large, max-video-preview:-1\" \/>\n<link rel=\"canonical\" href=\"https:\/\/motionfitness.se\/no\/produkter\/hip-thrust-pute-94-cm\/\" \/>\n<meta property=\"og:locale\" content=\"nb_NO\" \/>\n<meta property=\"og:type\" content=\"article\" \/>\n<meta property=\"og:title\" content=\"Hip Thrust Pad Large | Motion Fitness\" \/>\n<meta property=\"og:description\" content=\"Motion Fitness Hip Thrust Pad er en romslig og myk treningspute som er spesielt utviklet for hip thrust-\u00f8velser, ogs\u00e5 kjent som hoftel\u00f8ft. Tilgjengelig i 2 forskjellige st\u00f8rrelser.\" \/>\n<meta property=\"og:url\" content=\"https:\/\/motionfitness.se\/no\/produkter\/hip-thrust-pute-94-cm\/\" \/>\n<meta property=\"og:site_name\" content=\"Motion Fitness\" \/>\n<meta property=\"article:publisher\" content=\"https:\/\/www.facebook.com\/motionfitnesssverige\/\" \/>\n<meta property=\"article:modified_time\" content=\"2026-04-27T13:38:11+00:00\" \/>\n<meta property=\"og:image\" content=\"https:\/\/motionfitness.se\/wp-content\/uploads\/2023\/10\/4-1.webp\" \/>\n\t<meta property=\"og:image:width\" content=\"1080\" \/>\n\t<meta property=\"og:image:height\" content=\"1080\" \/>\n\t<meta property=\"og:image:type\" content=\"image\/webp\" \/>\n<meta name=\"twitter:card\" content=\"summary_large_image\" \/>\n<meta name=\"twitter:label1\" content=\"Ansl. lesetid\" \/>\n\t<meta name=\"twitter:data1\" content=\"1 minutt\" \/>\n<script type=\"application\/ld+json\" class=\"yoast-schema-graph\">{\"@context\":\"https:\\\/\\\/schema.org\",\"@graph\":[{\"@type\":\"WebPage\",\"@id\":\"https:\\\/\\\/motionfitness.se\\\/no\\\/produkter\\\/hip-thrust-pute-94-cm\\\/\",\"url\":\"https:\\\/\\\/motionfitness.se\\\/no\\\/produkter\\\/hip-thrust-pute-94-cm\\\/\",\"name\":\"Hip Thrust Pad Large | Motion Fitness\",\"isPartOf\":{\"@id\":\"https:\\\/\\\/motionfitness.se\\\/no\\\/#website\"},\"primaryImageOfPage\":{\"@id\":\"https:\\\/\\\/motionfitness.se\\\/no\\\/produkter\\\/hip-thrust-pute-94-cm\\\/#primaryimage\"},\"image\":{\"@id\":\"https:\\\/\\\/motionfitness.se\\\/no\\\/produkter\\\/hip-thrust-pute-94-cm\\\/#primaryimage\"},\"thumbnailUrl\":\"https:\\\/\\\/motionfitness.se\\\/wp-content\\\/uploads\\\/2023\\\/10\\\/4-1.webp\",\"datePublished\":\"2023-10-04T13:00:13+00:00\",\"dateModified\":\"2026-04-27T13:38:11+00:00\",\"description\":\"Motion Fitness Hip Thrust Pad er en romslig og myk treningspute som er spesielt utviklet for hip thrust-\u00f8velser, ogs\u00e5 kjent som hoftel\u00f8ft. Tilgjengelig i 2 forskjellige st\u00f8rrelser.\",\"breadcrumb\":{\"@id\":\"https:\\\/\\\/motionfitness.se\\\/no\\\/produkter\\\/hip-thrust-pute-94-cm\\\/#breadcrumb\"},\"inLanguage\":\"nb-NO\",\"potentialAction\":[{\"@type\":\"ReadAction\",\"target\":[\"https:\\\/\\\/motionfitness.se\\\/no\\\/produkter\\\/hip-thrust-pute-94-cm\\\/\"]}]},{\"@type\":\"ImageObject\",\"inLanguage\":\"nb-NO\",\"@id\":\"https:\\\/\\\/motionfitness.se\\\/no\\\/produkter\\\/hip-thrust-pute-94-cm\\\/#primaryimage\",\"url\":\"https:\\\/\\\/motionfitness.se\\\/wp-content\\\/uploads\\\/2023\\\/10\\\/4-1.webp\",\"contentUrl\":\"https:\\\/\\\/motionfitness.se\\\/wp-content\\\/uploads\\\/2023\\\/10\\\/4-1.webp\",\"width\":1080,\"height\":1080},{\"@type\":\"BreadcrumbList\",\"@id\":\"https:\\\/\\\/motionfitness.se\\\/no\\\/produkter\\\/hip-thrust-pute-94-cm\\\/#breadcrumb\",\"itemListElement\":[{\"@type\":\"ListItem\",\"position\":1,\"name\":\"Hem\",\"item\":\"https:\\\/\\\/motionfitness.se\\\/no\\\/startside\\\/\"},{\"@type\":\"ListItem\",\"position\":2,\"name\":\"Produkter\",\"item\":\"https:\\\/\\\/motionfitness.se\\\/no\\\/produkter\\\/\"},{\"@type\":\"ListItem\",\"position\":3,\"name\":\"Hip Thrust Pad Large\"}]},{\"@type\":\"WebSite\",\"@id\":\"https:\\\/\\\/motionfitness.se\\\/no\\\/#website\",\"url\":\"https:\\\/\\\/motionfitness.se\\\/no\\\/\",\"name\":\"Motion Fitness\",\"description\":\"Stronger Together\",\"publisher\":{\"@id\":\"https:\\\/\\\/motionfitness.se\\\/no\\\/#organization\"},\"potentialAction\":[{\"@type\":\"SearchAction\",\"target\":{\"@type\":\"EntryPoint\",\"urlTemplate\":\"https:\\\/\\\/motionfitness.se\\\/no\\\/?s={search_term_string}\"},\"query-input\":{\"@type\":\"PropertyValueSpecification\",\"valueRequired\":true,\"valueName\":\"search_term_string\"}}],\"inLanguage\":\"nb-NO\"},{\"@type\":\"Organization\",\"@id\":\"https:\\\/\\\/motionfitness.se\\\/no\\\/#organization\",\"name\":\"Motion Fitness\",\"url\":\"https:\\\/\\\/motionfitness.se\\\/no\\\/\",\"logo\":{\"@type\":\"ImageObject\",\"inLanguage\":\"nb-NO\",\"@id\":\"https:\\\/\\\/motionfitness.se\\\/no\\\/#\\\/schema\\\/logo\\\/image\\\/\",\"url\":\"https:\\\/\\\/motionfitness.se\\\/wp-content\\\/uploads\\\/2024\\\/01\\\/Motion-Fitness-Logol.png\",\"contentUrl\":\"https:\\\/\\\/motionfitness.se\\\/wp-content\\\/uploads\\\/2024\\\/01\\\/Motion-Fitness-Logol.png\",\"width\":1280,\"height\":720,\"caption\":\"Motion Fitness\"},\"image\":{\"@id\":\"https:\\\/\\\/motionfitness.se\\\/no\\\/#\\\/schema\\\/logo\\\/image\\\/\"},\"sameAs\":[\"https:\\\/\\\/www.facebook.com\\\/motionfitnesssverige\\\/\",\"https:\\\/\\\/www.instagram.com\\\/motionfitness.se\\\/\"]}]}<\/script>\n<!-- \/ Yoast SEO plugin. -->","yoast_head_json":{"title":"Hip Thrust Pad Large | Motion Fitness","description":"Motion Fitness Hip Thrust Pad er en romslig og myk treningspute som er spesielt utviklet for hip thrust-\u00f8velser, ogs\u00e5 kjent som hoftel\u00f8ft. Tilgjengelig i 2 forskjellige st\u00f8rrelser.","robots":{"index":"index","follow":"follow","max-snippet":"max-snippet:-1","max-image-preview":"max-image-preview:large","max-video-preview":"max-video-preview:-1"},"canonical":"https:\/\/motionfitness.se\/no\/produkter\/hip-thrust-pute-94-cm\/","og_locale":"nb_NO","og_type":"article","og_title":"Hip Thrust Pad Large | Motion Fitness","og_description":"Motion Fitness Hip Thrust Pad er en romslig og myk treningspute som er spesielt utviklet for hip thrust-\u00f8velser, ogs\u00e5 kjent som hoftel\u00f8ft. Tilgjengelig i 2 forskjellige st\u00f8rrelser.","og_url":"https:\/\/motionfitness.se\/no\/produkter\/hip-thrust-pute-94-cm\/","og_site_name":"Motion Fitness","article_publisher":"https:\/\/www.facebook.com\/motionfitnesssverige\/","article_modified_time":"2026-04-27T13:38:11+00:00","og_image":[{"width":1080,"height":1080,"url":"https:\/\/motionfitness.se\/wp-content\/uploads\/2023\/10\/4-1.webp","type":"image\/webp"}],"twitter_card":"summary_large_image","twitter_misc":{"Ansl. lesetid":"1 minutt"},"schema":{"@context":"https:\/\/schema.org","@graph":[{"@type":"WebPage","@id":"https:\/\/motionfitness.se\/no\/produkter\/hip-thrust-pute-94-cm\/","url":"https:\/\/motionfitness.se\/no\/produkter\/hip-thrust-pute-94-cm\/","name":"Hip Thrust Pad Large | Motion Fitness","isPartOf":{"@id":"https:\/\/motionfitness.se\/no\/#website"},"primaryImageOfPage":{"@id":"https:\/\/motionfitness.se\/no\/produkter\/hip-thrust-pute-94-cm\/#primaryimage"},"image":{"@id":"https:\/\/motionfitness.se\/no\/produkter\/hip-thrust-pute-94-cm\/#primaryimage"},"thumbnailUrl":"https:\/\/motionfitness.se\/wp-content\/uploads\/2023\/10\/4-1.webp","datePublished":"2023-10-04T13:00:13+00:00","dateModified":"2026-04-27T13:38:11+00:00","description":"Motion Fitness Hip Thrust Pad er en romslig og myk treningspute som er spesielt utviklet for hip thrust-\u00f8velser, ogs\u00e5 kjent som hoftel\u00f8ft. Tilgjengelig i 2 forskjellige st\u00f8rrelser.","breadcrumb":{"@id":"https:\/\/motionfitness.se\/no\/produkter\/hip-thrust-pute-94-cm\/#breadcrumb"},"inLanguage":"nb-NO","potentialAction":[{"@type":"ReadAction","target":["https:\/\/motionfitness.se\/no\/produkter\/hip-thrust-pute-94-cm\/"]}]},{"@type":"ImageObject","inLanguage":"nb-NO","@id":"https:\/\/motionfitness.se\/no\/produkter\/hip-thrust-pute-94-cm\/#primaryimage","url":"https:\/\/motionfitness.se\/wp-content\/uploads\/2023\/10\/4-1.webp","contentUrl":"https:\/\/motionfitness.se\/wp-content\/uploads\/2023\/10\/4-1.webp","width":1080,"height":1080},{"@type":"BreadcrumbList","@id":"https:\/\/motionfitness.se\/no\/produkter\/hip-thrust-pute-94-cm\/#breadcrumb","itemListElement":[{"@type":"ListItem","position":1,"name":"Hem","item":"https:\/\/motionfitness.se\/no\/startside\/"},{"@type":"ListItem","position":2,"name":"Produkter","item":"https:\/\/motionfitness.se\/no\/produkter\/"},{"@type":"ListItem","position":3,"name":"Hip Thrust Pad Large"}]},{"@type":"WebSite","@id":"https:\/\/motionfitness.se\/no\/#website","url":"https:\/\/motionfitness.se\/no\/","name":"Motion Fitness","description":"Stronger Together","publisher":{"@id":"https:\/\/motionfitness.se\/no\/#organization"},"potentialAction":[{"@type":"SearchAction","target":{"@type":"EntryPoint","urlTemplate":"https:\/\/motionfitness.se\/no\/?s={search_term_string}"},"query-input":{"@type":"PropertyValueSpecification","valueRequired":true,"valueName":"search_term_string"}}],"inLanguage":"nb-NO"},{"@type":"Organization","@id":"https:\/\/motionfitness.se\/no\/#organization","name":"Motion Fitness","url":"https:\/\/motionfitness.se\/no\/","logo":{"@type":"ImageObject","inLanguage":"nb-NO","@id":"https:\/\/motionfitness.se\/no\/#\/schema\/logo\/image\/","url":"https:\/\/motionfitness.se\/wp-content\/uploads\/2024\/01\/Motion-Fitness-Logol.png","contentUrl":"https:\/\/motionfitness.se\/wp-content\/uploads\/2024\/01\/Motion-Fitness-Logol.png","width":1280,"height":720,"caption":"Motion Fitness"},"image":{"@id":"https:\/\/motionfitness.se\/no\/#\/schema\/logo\/image\/"},"sameAs":["https:\/\/www.facebook.com\/motionfitnesssverige\/","https:\/\/www.instagram.com\/motionfitness.se\/"]}]}},"_links":{"self":[{"href":"https:\/\/motionfitness.se\/no\/wp-json\/wp\/v2\/product\/20983","targetHints":{"allow":["GET"]}}],"collection":[{"href":"https:\/\/motionfitness.se\/no\/wp-json\/wp\/v2\/product"}],"about":[{"href":"https:\/\/motionfitness.se\/no\/wp-json\/wp\/v2\/types\/product"}],"replies":[{"embeddable":true,"href":"https:\/\/motionfitness.se\/no\/wp-json\/wp\/v2\/comments?post=20983"}],"wp:featuredmedia":[{"embeddable":true,"href":"https:\/\/motionfitness.se\/no\/wp-json\/wp\/v2\/media\/34717"}],"wp:attachment":[{"href":"https:\/\/motionfitness.se\/no\/wp-json\/wp\/v2\/media?parent=20983"}],"wp:term":[{"taxonomy":"product_brand","embeddable":true,"href":"https:\/\/motionfitness.se\/no\/wp-json\/wp\/v2\/product_brand?post=20983"},{"taxonomy":"product_cat","embeddable":true,"href":"https:\/\/motionfitness.se\/no\/wp-json\/wp\/v2\/product_cat?post=20983"},{"taxonomy":"product_tag","embeddable":true,"href":"https:\/\/motionfitness.se\/no\/wp-json\/wp\/v2\/product_tag?post=20983"}],"curies":[{"name":"wp","href":"https:\/\/api.w.org\/{rel}","templated":true}]}}