{"id":20972,"date":"2024-01-24T09:00:19","date_gmt":"2024-01-24T08:00:19","guid":{"rendered":"https:\/\/motionfitness.se\/produkter\/vektstangpakke-med-15-kg-vektstang-825-kg\/"},"modified":"2024-01-24T09:00:19","modified_gmt":"2024-01-24T08:00:19","slug":"vektstangpakke-med-15-kg-vektstang-825-kg","status":"publish","type":"product","link":"https:\/\/motionfitness.se\/no\/produkter\/vektstangpakke-med-15-kg-vektstang-825-kg\/","title":{"rendered":"Vektstangpakke med 15 kg vektstang &#8211; 82,5 kg"},"content":{"rendered":"<p>Skivestangsett med alt du trenger for en allsidig styrketrening, spesielt tilpasset deg som \u00f8nsker \u00e5 trene mange forskjellige \u00f8velser og hvor du kan bruke vektskivene til mer enn bare belastning p\u00e5 stangen. Skivene er designet med ergonomiske h\u00e5ndtak slik at du kan bruke dem alene i andre \u00f8velser, f.eks. for armer og skuldre. Pakken v\u00e5r inneholder Motion Fitness 15 kg vektstang, vektskiver med h\u00e5ndtak og et par solide fj\u00e6rl\u00e5ser. Perfekt for funksjonell trening, enten det er i et bedriftsgym, i garasjen eller hjemme.<\/p>\n","protected":false},"excerpt":{"rendered":"<p>Her har du alt du trenger for et allsidig styrketreningsprogram, spesielt utviklet for deg som \u00f8nsker \u00e5 trene mange forskjellige \u00f8velser. Pakken v\u00e5r inneholder Motion Fitness 15 kg vektstang, vektskiver med h\u00e5ndtak og et par solide fj\u00e6rl\u00e5ser.<\/p>\n","protected":false},"featured_media":23099,"comment_status":"open","ping_status":"closed","template":"","meta":{"_acf_changed":false,"_monsterinsights_skip_tracking":false,"_monsterinsights_sitenote_active":false,"_monsterinsights_sitenote_note":"","_monsterinsights_sitenote_category":0},"product_brand":[],"product_cat":[433],"product_tag":[],"class_list":{"0":"post-20972","1":"product","2":"type-product","3":"status-publish","4":"has-post-thumbnail","6":"product_cat-ikke-kategorisert","8":"first","9":"outofstock","10":"taxable","11":"shipping-taxable","12":"purchasable","13":"product-type-simple"},"acf":[],"yoast_head":"<!-- This site is optimized with the Yoast SEO plugin v27.5 - https:\/\/yoast.com\/product\/yoast-seo-wordpress\/ -->\n<title>Vektstangpakke med 15 kg vektstang - 82,5 kg | Motion Fitness<\/title>\n<meta name=\"description\" content=\"Skivestangsett med alt du trenger for en allsidig styrketrenings\u00f8kt, spesielt utviklet for deg som \u00f8nsker \u00e5 trene en rekke ulike \u00f8velser. Tren n\u00e5r og hvor du vil.\" \/>\n<meta name=\"robots\" content=\"index, follow, max-snippet:-1, max-image-preview:large, max-video-preview:-1\" \/>\n<link rel=\"canonical\" href=\"https:\/\/motionfitness.se\/no\/produkter\/vektstangpakke-med-15-kg-vektstang-825-kg\/\" \/>\n<meta property=\"og:locale\" content=\"nb_NO\" \/>\n<meta property=\"og:type\" content=\"article\" \/>\n<meta property=\"og:title\" content=\"Vektstangpakke med 15 kg vektstang - 82,5 kg | Motion Fitness\" \/>\n<meta property=\"og:description\" content=\"Skivestangsett med alt du trenger for en allsidig styrketrenings\u00f8kt, spesielt utviklet for deg som \u00f8nsker \u00e5 trene en rekke ulike \u00f8velser. Tren n\u00e5r og hvor du vil.\" \/>\n<meta property=\"og:url\" content=\"https:\/\/motionfitness.se\/no\/produkter\/vektstangpakke-med-15-kg-vektstang-825-kg\/\" \/>\n<meta property=\"og:site_name\" content=\"Motion Fitness\" \/>\n<meta property=\"article:publisher\" content=\"https:\/\/www.facebook.com\/motionfitnesssverige\/\" \/>\n<meta property=\"og:image\" content=\"https:\/\/motionfitness.se\/wp-content\/uploads\/2024\/03\/6.png\" \/>\n\t<meta property=\"og:image:width\" content=\"1080\" \/>\n\t<meta property=\"og:image:height\" content=\"1080\" \/>\n\t<meta property=\"og:image:type\" content=\"image\/png\" \/>\n<meta name=\"twitter:card\" content=\"summary_large_image\" \/>\n<script type=\"application\/ld+json\" class=\"yoast-schema-graph\">{\"@context\":\"https:\\\/\\\/schema.org\",\"@graph\":[{\"@type\":\"WebPage\",\"@id\":\"https:\\\/\\\/motionfitness.se\\\/no\\\/produkter\\\/vektstangpakke-med-15-kg-vektstang-825-kg\\\/\",\"url\":\"https:\\\/\\\/motionfitness.se\\\/no\\\/produkter\\\/vektstangpakke-med-15-kg-vektstang-825-kg\\\/\",\"name\":\"Vektstangpakke med 15 kg vektstang - 82,5 kg | Motion Fitness\",\"isPartOf\":{\"@id\":\"https:\\\/\\\/motionfitness.se\\\/no\\\/#website\"},\"primaryImageOfPage\":{\"@id\":\"https:\\\/\\\/motionfitness.se\\\/no\\\/produkter\\\/vektstangpakke-med-15-kg-vektstang-825-kg\\\/#primaryimage\"},\"image\":{\"@id\":\"https:\\\/\\\/motionfitness.se\\\/no\\\/produkter\\\/vektstangpakke-med-15-kg-vektstang-825-kg\\\/#primaryimage\"},\"thumbnailUrl\":\"https:\\\/\\\/motionfitness.se\\\/wp-content\\\/uploads\\\/2024\\\/03\\\/6.png\",\"datePublished\":\"2024-01-24T08:00:19+00:00\",\"description\":\"Skivestangsett med alt du trenger for en allsidig styrketrenings\u00f8kt, spesielt utviklet for deg som \u00f8nsker \u00e5 trene en rekke ulike \u00f8velser. Tren n\u00e5r og hvor du vil.\",\"breadcrumb\":{\"@id\":\"https:\\\/\\\/motionfitness.se\\\/no\\\/produkter\\\/vektstangpakke-med-15-kg-vektstang-825-kg\\\/#breadcrumb\"},\"inLanguage\":\"nb-NO\",\"potentialAction\":[{\"@type\":\"ReadAction\",\"target\":[\"https:\\\/\\\/motionfitness.se\\\/no\\\/produkter\\\/vektstangpakke-med-15-kg-vektstang-825-kg\\\/\"]}]},{\"@type\":\"ImageObject\",\"inLanguage\":\"nb-NO\",\"@id\":\"https:\\\/\\\/motionfitness.se\\\/no\\\/produkter\\\/vektstangpakke-med-15-kg-vektstang-825-kg\\\/#primaryimage\",\"url\":\"https:\\\/\\\/motionfitness.se\\\/wp-content\\\/uploads\\\/2024\\\/03\\\/6.png\",\"contentUrl\":\"https:\\\/\\\/motionfitness.se\\\/wp-content\\\/uploads\\\/2024\\\/03\\\/6.png\",\"width\":1080,\"height\":1080},{\"@type\":\"BreadcrumbList\",\"@id\":\"https:\\\/\\\/motionfitness.se\\\/no\\\/produkter\\\/vektstangpakke-med-15-kg-vektstang-825-kg\\\/#breadcrumb\",\"itemListElement\":[{\"@type\":\"ListItem\",\"position\":1,\"name\":\"Hem\",\"item\":\"https:\\\/\\\/motionfitness.se\\\/no\\\/startside\\\/\"},{\"@type\":\"ListItem\",\"position\":2,\"name\":\"Produkter\",\"item\":\"https:\\\/\\\/motionfitness.se\\\/no\\\/produkter\\\/\"},{\"@type\":\"ListItem\",\"position\":3,\"name\":\"Vektstangpakke med 15 kg vektstang &#8211; 82,5 kg\"}]},{\"@type\":\"WebSite\",\"@id\":\"https:\\\/\\\/motionfitness.se\\\/no\\\/#website\",\"url\":\"https:\\\/\\\/motionfitness.se\\\/no\\\/\",\"name\":\"Motion Fitness\",\"description\":\"Stronger Together\",\"publisher\":{\"@id\":\"https:\\\/\\\/motionfitness.se\\\/no\\\/#organization\"},\"potentialAction\":[{\"@type\":\"SearchAction\",\"target\":{\"@type\":\"EntryPoint\",\"urlTemplate\":\"https:\\\/\\\/motionfitness.se\\\/no\\\/?s={search_term_string}\"},\"query-input\":{\"@type\":\"PropertyValueSpecification\",\"valueRequired\":true,\"valueName\":\"search_term_string\"}}],\"inLanguage\":\"nb-NO\"},{\"@type\":\"Organization\",\"@id\":\"https:\\\/\\\/motionfitness.se\\\/no\\\/#organization\",\"name\":\"Motion Fitness\",\"url\":\"https:\\\/\\\/motionfitness.se\\\/no\\\/\",\"logo\":{\"@type\":\"ImageObject\",\"inLanguage\":\"nb-NO\",\"@id\":\"https:\\\/\\\/motionfitness.se\\\/no\\\/#\\\/schema\\\/logo\\\/image\\\/\",\"url\":\"https:\\\/\\\/motionfitness.se\\\/wp-content\\\/uploads\\\/2024\\\/01\\\/Motion-Fitness-Logol.png\",\"contentUrl\":\"https:\\\/\\\/motionfitness.se\\\/wp-content\\\/uploads\\\/2024\\\/01\\\/Motion-Fitness-Logol.png\",\"width\":1280,\"height\":720,\"caption\":\"Motion Fitness\"},\"image\":{\"@id\":\"https:\\\/\\\/motionfitness.se\\\/no\\\/#\\\/schema\\\/logo\\\/image\\\/\"},\"sameAs\":[\"https:\\\/\\\/www.facebook.com\\\/motionfitnesssverige\\\/\",\"https:\\\/\\\/www.instagram.com\\\/motionfitness.se\\\/\"]}]}<\/script>\n<!-- \/ Yoast SEO plugin. -->","yoast_head_json":{"title":"Vektstangpakke med 15 kg vektstang - 82,5 kg | Motion Fitness","description":"Skivestangsett med alt du trenger for en allsidig styrketrenings\u00f8kt, spesielt utviklet for deg som \u00f8nsker \u00e5 trene en rekke ulike \u00f8velser. Tren n\u00e5r og hvor du vil.","robots":{"index":"index","follow":"follow","max-snippet":"max-snippet:-1","max-image-preview":"max-image-preview:large","max-video-preview":"max-video-preview:-1"},"canonical":"https:\/\/motionfitness.se\/no\/produkter\/vektstangpakke-med-15-kg-vektstang-825-kg\/","og_locale":"nb_NO","og_type":"article","og_title":"Vektstangpakke med 15 kg vektstang - 82,5 kg | Motion Fitness","og_description":"Skivestangsett med alt du trenger for en allsidig styrketrenings\u00f8kt, spesielt utviklet for deg som \u00f8nsker \u00e5 trene en rekke ulike \u00f8velser. Tren n\u00e5r og hvor du vil.","og_url":"https:\/\/motionfitness.se\/no\/produkter\/vektstangpakke-med-15-kg-vektstang-825-kg\/","og_site_name":"Motion Fitness","article_publisher":"https:\/\/www.facebook.com\/motionfitnesssverige\/","og_image":[{"width":1080,"height":1080,"url":"https:\/\/motionfitness.se\/wp-content\/uploads\/2024\/03\/6.png","type":"image\/png"}],"twitter_card":"summary_large_image","schema":{"@context":"https:\/\/schema.org","@graph":[{"@type":"WebPage","@id":"https:\/\/motionfitness.se\/no\/produkter\/vektstangpakke-med-15-kg-vektstang-825-kg\/","url":"https:\/\/motionfitness.se\/no\/produkter\/vektstangpakke-med-15-kg-vektstang-825-kg\/","name":"Vektstangpakke med 15 kg vektstang - 82,5 kg | Motion Fitness","isPartOf":{"@id":"https:\/\/motionfitness.se\/no\/#website"},"primaryImageOfPage":{"@id":"https:\/\/motionfitness.se\/no\/produkter\/vektstangpakke-med-15-kg-vektstang-825-kg\/#primaryimage"},"image":{"@id":"https:\/\/motionfitness.se\/no\/produkter\/vektstangpakke-med-15-kg-vektstang-825-kg\/#primaryimage"},"thumbnailUrl":"https:\/\/motionfitness.se\/wp-content\/uploads\/2024\/03\/6.png","datePublished":"2024-01-24T08:00:19+00:00","description":"Skivestangsett med alt du trenger for en allsidig styrketrenings\u00f8kt, spesielt utviklet for deg som \u00f8nsker \u00e5 trene en rekke ulike \u00f8velser. Tren n\u00e5r og hvor du vil.","breadcrumb":{"@id":"https:\/\/motionfitness.se\/no\/produkter\/vektstangpakke-med-15-kg-vektstang-825-kg\/#breadcrumb"},"inLanguage":"nb-NO","potentialAction":[{"@type":"ReadAction","target":["https:\/\/motionfitness.se\/no\/produkter\/vektstangpakke-med-15-kg-vektstang-825-kg\/"]}]},{"@type":"ImageObject","inLanguage":"nb-NO","@id":"https:\/\/motionfitness.se\/no\/produkter\/vektstangpakke-med-15-kg-vektstang-825-kg\/#primaryimage","url":"https:\/\/motionfitness.se\/wp-content\/uploads\/2024\/03\/6.png","contentUrl":"https:\/\/motionfitness.se\/wp-content\/uploads\/2024\/03\/6.png","width":1080,"height":1080},{"@type":"BreadcrumbList","@id":"https:\/\/motionfitness.se\/no\/produkter\/vektstangpakke-med-15-kg-vektstang-825-kg\/#breadcrumb","itemListElement":[{"@type":"ListItem","position":1,"name":"Hem","item":"https:\/\/motionfitness.se\/no\/startside\/"},{"@type":"ListItem","position":2,"name":"Produkter","item":"https:\/\/motionfitness.se\/no\/produkter\/"},{"@type":"ListItem","position":3,"name":"Vektstangpakke med 15 kg vektstang &#8211; 82,5 kg"}]},{"@type":"WebSite","@id":"https:\/\/motionfitness.se\/no\/#website","url":"https:\/\/motionfitness.se\/no\/","name":"Motion Fitness","description":"Stronger Together","publisher":{"@id":"https:\/\/motionfitness.se\/no\/#organization"},"potentialAction":[{"@type":"SearchAction","target":{"@type":"EntryPoint","urlTemplate":"https:\/\/motionfitness.se\/no\/?s={search_term_string}"},"query-input":{"@type":"PropertyValueSpecification","valueRequired":true,"valueName":"search_term_string"}}],"inLanguage":"nb-NO"},{"@type":"Organization","@id":"https:\/\/motionfitness.se\/no\/#organization","name":"Motion Fitness","url":"https:\/\/motionfitness.se\/no\/","logo":{"@type":"ImageObject","inLanguage":"nb-NO","@id":"https:\/\/motionfitness.se\/no\/#\/schema\/logo\/image\/","url":"https:\/\/motionfitness.se\/wp-content\/uploads\/2024\/01\/Motion-Fitness-Logol.png","contentUrl":"https:\/\/motionfitness.se\/wp-content\/uploads\/2024\/01\/Motion-Fitness-Logol.png","width":1280,"height":720,"caption":"Motion Fitness"},"image":{"@id":"https:\/\/motionfitness.se\/no\/#\/schema\/logo\/image\/"},"sameAs":["https:\/\/www.facebook.com\/motionfitnesssverige\/","https:\/\/www.instagram.com\/motionfitness.se\/"]}]}},"_links":{"self":[{"href":"https:\/\/motionfitness.se\/no\/wp-json\/wp\/v2\/product\/20972","targetHints":{"allow":["GET"]}}],"collection":[{"href":"https:\/\/motionfitness.se\/no\/wp-json\/wp\/v2\/product"}],"about":[{"href":"https:\/\/motionfitness.se\/no\/wp-json\/wp\/v2\/types\/product"}],"replies":[{"embeddable":true,"href":"https:\/\/motionfitness.se\/no\/wp-json\/wp\/v2\/comments?post=20972"}],"wp:featuredmedia":[{"embeddable":true,"href":"https:\/\/motionfitness.se\/no\/wp-json\/wp\/v2\/media\/23099"}],"wp:attachment":[{"href":"https:\/\/motionfitness.se\/no\/wp-json\/wp\/v2\/media?parent=20972"}],"wp:term":[{"taxonomy":"product_brand","embeddable":true,"href":"https:\/\/motionfitness.se\/no\/wp-json\/wp\/v2\/product_brand?post=20972"},{"taxonomy":"product_cat","embeddable":true,"href":"https:\/\/motionfitness.se\/no\/wp-json\/wp\/v2\/product_cat?post=20972"},{"taxonomy":"product_tag","embeddable":true,"href":"https:\/\/motionfitness.se\/no\/wp-json\/wp\/v2\/product_tag?post=20972"}],"curies":[{"name":"wp","href":"https:\/\/api.w.org\/{rel}","templated":true}]}}